{"id":23837,"date":"2023-05-15T13:49:01","date_gmt":"2023-05-15T12:49:01","guid":{"rendered":"https:\/\/www.sonnenklar.tv\/blog\/?page_id=23837"},"modified":"2025-12-12T16:15:36","modified_gmt":"2025-12-12T15:15:36","slug":"voucher-bedeutung","status":"publish","type":"page","link":"https:\/\/www.sonnenklar.tv\/blog\/reiselexikon\/voucher-bedeutung\/","title":{"rendered":"Was versteht man unter einem Voucher?"},"content":{"rendered":"<p><strong>Wenn ihr bereits einmal eine Pauschalreise, ein Hotel oder einen Flug gebucht habt, habt ihr bestimmt schon mindestens einen Voucher in den H\u00e4nden gehalten \u2013 sei es bewusst oder unbewusst. Wir erkl\u00e4ren euch, was es damit auf sich hat und warum ohne dieses Dokument eigentlich kein Urlaub vonstattengehen kann. <\/strong><\/p>\n<hr \/>\n<p><strong>Inhaltsverzeichnis<\/strong><\/p>\n<ul>\n<li style=\"list-style-type: none;\">\n<ul>\n<li><a href=\"#voucher-bedeutung\">Was ist ein Voucher?<\/a><\/li>\n<li><a href=\"#voucher-arten\">Welche Arten von Vouchern gibt es? <\/a><\/li>\n<li><a href=\"#voucher-funktion\">Wie funktioniert ein Voucher? <\/a><\/li>\n<li><a href=\"#voucher-gueltigkeit\">Wie lange ist ein Voucher g\u00fcltig? <\/a><\/li>\n<\/ul>\n<\/li>\n<\/ul>\n<hr \/>\n<h2><a name=\"voucher-bedeutung\"><\/a>Was ist ein Voucher?<\/h2>\n<p>Der Begriff Voucher (sprich \u201eWautscher\u201c) kommt aus dem Englischen und bedeutet so viel wie \u201eGutschein\u201c. Er wird vor allem in der Tourismusbranche eingesetzt und ihr erhaltet ihn als Beleg f\u00fcr eine im Voraus bezahlte Leistung. Bucht ihr zum Beispiel ein Hotelzimmer, einen Flug, einen Transfer, einen Mietwagen oder eine Pauschalreise, ist der Voucher ein Beleg f\u00fcr eure Buchung, die geleistete Zahlung oder eine Reservierung. Er \u00fcbernimmt also zugleich die Funktion eines Rechnungs- oder Zahlungsbelegs und zuweilen auch einer Eintrittskarte. Damit belegt er euren Anspruch auf die gebuchte Leistung \u2013 vor allem in einem fremdsprachigen Land ein beruhigendes Gef\u00fchl \u2013 und fasst alle wichtigen Informationen noch einmal zusammen. So sind darauf der Name der Person, f\u00fcr die der Gutschein gilt, das Datum der Reservierung, die Best\u00e4tigung der Zahlung, die inkludierten Leistungen und meist auch ein Ablaufdatum vermerkt. Wir empfehlen, die Angaben nach Erhalt des Vouchers genau zu \u00fcberpr\u00fcfen, um sp\u00e4tere Missverst\u00e4ndnisse zu vermeiden.<\/p>\n<h2><a name=\"voucher-arten\"><\/a>Welche Voucherarten gibt es?<\/h2>\n<p>Voucher kommen auf unterschiedlichste Weise zum Einsatz. Die gel\u00e4ufigsten Voucher-Arten sind:<\/p>\n<ul>\n<li><strong>Hotelvoucher<\/strong>: Garant, dass ihr ein Zimmer gebucht und bezahlt habt, mit Informationen \u00fcber die inkludierten Leistungen (\u00dcbernachtung, Verpflegung, Wellnesspakete etc.).<\/li>\n<li><strong>Flugvoucher<\/strong>: Beleg, dass der Flug reserviert und gezahlt wurde. H\u00e4ufig dient er als Ticket, Bordkarte und Kaufbeleg.<\/li>\n<li><strong>Transfer-Voucher:<\/strong> Nachweis f\u00fcr euren gebuchten Transfer zwischen Flughafen und Hotel.<\/li>\n<li><strong>Mietwagen-Voucher:<\/strong> Da ein Mietwagen meist erst nach Abgabe komplett bezahlt wird, dient der Voucher als Abholschein und als Best\u00e4tigung f\u00fcr den bereits get\u00e4tigten Teil der Zahlung.<\/li>\n<li><strong>Lounge-Voucher:<\/strong> Haben Airlines an Flugh\u00e4fen keine eigenen Lounges, wird statt der Bordkarte oftmals ein zus\u00e4tzlicher Voucher genutzt, um euch den Zugang zu gew\u00e4hren.<\/li>\n<li><strong>Aktivit\u00e4ten-Voucher:<\/strong> Bucht ihr euer Unterhaltungsprogramm am Urlaubsort bereits vorab online (zum Beispiel direkt bei der Reisebuchung), erhaltet ihr f\u00fcr Sighsteeing- und Bootstouren oder Museen einen Voucher, den ihr am Eingang vorlegt. Teilweise k\u00f6nnt ihr damit auch die Warteschlange \u00fcberspringen.<\/li>\n<\/ul>\n<p>Ab und an kann es zudem vorkommen, dass ihr einen Voucher f\u00fcr eine Leistung erhaltet, die ihr nicht selbst bucht. Das ist zum Beispiel der Fall, wenn Fl\u00fcge annulliert werden oder versp\u00e4tet sind und die Fluggesellschaft euch als Entsch\u00e4digung einen Verpflegungs- oder Hotelvoucher ausstellt. Dieser funktioniert wie ein Gutschein und ist meist nicht personalisiert. Manche Airlines nutzen Voucher au\u00dferdem im Rahmen ihrer Vielfliegerprogramme, die ihr beispielsweise f\u00fcr Upgrades einsetzen k\u00f6nnt.<\/p>\n<figure id=\"attachment_23841\" aria-describedby=\"caption-attachment-23841\" style=\"width: 880px\" class=\"wp-caption aligncenter\"><a href=\"https:\/\/www.sonnenklar.tv\/blog\/wp-content\/uploads\/2023\/05\/GettyImages_Voucher_Boardingpass.jpg\"><img fetchpriority=\"high\" decoding=\"async\" class=\"wp-image-23841 size-full\" src=\"https:\/\/www.sonnenklar.tv\/blog\/wp-content\/uploads\/2023\/05\/GettyImages_Voucher_Boardingpass.jpg\" alt=\"Tasse mit Cappucino und Bordkarten auf Landkarte\" width=\"880\" height=\"450\" srcset=\"https:\/\/www.sonnenklar.tv\/blog\/wp-content\/uploads\/2023\/05\/GettyImages_Voucher_Boardingpass.jpg 880w, https:\/\/www.sonnenklar.tv\/blog\/wp-content\/uploads\/2023\/05\/GettyImages_Voucher_Boardingpass-300x153.jpg 300w, https:\/\/www.sonnenklar.tv\/blog\/wp-content\/uploads\/2023\/05\/GettyImages_Voucher_Boardingpass-768x393.jpg 768w\" sizes=\"(max-width: 880px) 100vw, 880px\" \/><\/a><figcaption id=\"caption-attachment-23841\" class=\"wp-caption-text\">Eine Boardkarte dient bei Fl\u00fcgen als Voucher<\/figcaption><\/figure>\n<h2><a name=\"voucher-funktion\"><\/a>Wie funktioniert ein Voucher?<\/h2>\n<p>Euer Voucher wird euch gemeinsam mit euren Reiseunterlagen zugeschickt. Erhaltet ihr im Zuge einer Pauschalreise mehrere Voucher f\u00fcr Flug, Hotel und Transfer, sind diese oftmals in einem Heftchen zusammengefasst, sodass ihr sie bei Bedarf heraustrennen k\u00f6nnt. Vermehrt wird der Gutschein auch statt oder in Erg\u00e4nzung zur Papierform in digitaler Form als eVoucher ausgestellt. M\u00f6chtet ihr den Voucher einl\u00f6sen, um die gebuchte Leistung in Anspruch zu nehmen, gebt ihr den Coupon ab, zeigt ihn auf dem Smartphone vor oder scannt einen eventuell vorhanden QR-Code. Informiert euch zuvor, welche Art des Nachweises akzeptiert wird. Einen Hotelvoucher zum Beispiel weist ihr an der Rezeption vor und einen Transfer-Voucher am Shuttlebus. Da die Zahlung bereits erfolgt ist und das Personal alle Informationen dem Voucher entnehmen kann, m\u00fcsst ihr anschlie\u00dfend nichts weiter tun. Etwas Achtsamkeit ist geboten, wenn auf dem Voucher kein Einl\u00f6sedatum vermerkt ist, wie es bei Geschenkgutscheinen meist der Fall ist. Dann solltet ihr nicht auf gut Gl\u00fcck versuchen, ihn einzul\u00f6sen, sondern erst mit dem Anbieter einen Termin vereinbaren oder eine Reservierung t\u00e4tigen.<\/p>\n<h2><a name=\"voucher-gueltigkeit\"><\/a>Wie lange ist ein Voucher g\u00fcltig?<\/h2>\n<p>Die G\u00fcltigkeit eines Vouchers variiert von Anbieter zu Anbieter. Schaut euch daher den Coupon gut an und lest gegebenenfalls auch das Kleingedruckte. Ist an keiner Stelle ein Ablaufdatum vermerkt, gilt die vom Gesetz vorgeschriebene Dauer von maximal drei Jahren.<\/p>\n<h3>Mehr zum Thema Dokumente:<\/h3>\n<p><a href=\"https:\/\/www.sonnenklar.tv\/blog\/reiselexikon\/esta-bedeutung\/\">ESTA<\/a> \u00a0\u00a0 <a href=\"https:\/\/www.sonnenklar.tv\/blog\/reiselexikon\/e-ticket-bedeutung\/\">E-Ticket<\/a>\u00a0 \u00a0\u00a0<a href=\"https:\/\/www.sonnenklar.tv\/blog\/reiselexikon\/was-ist-ein-visum\/\">Visum<\/a><\/p>\n<p><a href=\"https:\/\/www.sonnenklar.tv\/blog\/reiselexikon\/\">&lt;&lt; Zur\u00fcck zum Reiselexikon<\/a><\/p>\n","protected":false},"excerpt":{"rendered":"<p>Wenn ihr bereits einmal eine Pauschalreise, ein Hotel oder einen Flug gebucht habt, habt ihr bestimmt schon mindestens einen Voucher in den H\u00e4nden gehalten \u2013 sei es bewusst oder unbewusst. Wir erkl\u00e4ren euch, was es damit auf sich hat und warum ohne dieses Dokument eigentlich kein Urlaub vonstattengehen kann. Inhaltsverzeichnis Was ist ein Voucher? Welche<\/p>\n","protected":false},"author":3,"featured_media":0,"parent":6051,"menu_order":0,"comment_status":"closed","ping_status":"closed","template":"","meta":{"footnotes":""},"class_list":["post-23837","page","type-page","status-publish"],"_links":{"self":[{"href":"https:\/\/www.sonnenklar.tv\/blog\/wp-json\/wp\/v2\/pages\/23837","targetHints":{"allow":["GET"]}}],"collection":[{"href":"https:\/\/www.sonnenklar.tv\/blog\/wp-json\/wp\/v2\/pages"}],"about":[{"href":"https:\/\/www.sonnenklar.tv\/blog\/wp-json\/wp\/v2\/types\/page"}],"author":[{"embeddable":true,"href":"https:\/\/www.sonnenklar.tv\/blog\/wp-json\/wp\/v2\/users\/3"}],"replies":[{"embeddable":true,"href":"https:\/\/www.sonnenklar.tv\/blog\/wp-json\/wp\/v2\/comments?post=23837"}],"version-history":[{"count":6,"href":"https:\/\/www.sonnenklar.tv\/blog\/wp-json\/wp\/v2\/pages\/23837\/revisions"}],"predecessor-version":[{"id":37634,"href":"https:\/\/www.sonnenklar.tv\/blog\/wp-json\/wp\/v2\/pages\/23837\/revisions\/37634"}],"up":[{"embeddable":true,"href":"https:\/\/www.sonnenklar.tv\/blog\/wp-json\/wp\/v2\/pages\/6051"}],"wp:attachment":[{"href":"https:\/\/www.sonnenklar.tv\/blog\/wp-json\/wp\/v2\/media?parent=23837"}],"curies":[{"name":"wp","href":"https:\/\/api.w.org\/{rel}","templated":true}]}}