{"id":21174,"date":"2022-09-06T13:41:19","date_gmt":"2022-09-06T12:41:19","guid":{"rendered":"https:\/\/www.sonnenklar.tv\/blog\/?page_id=21174"},"modified":"2025-12-12T15:36:25","modified_gmt":"2025-12-12T14:36:25","slug":"einschiffung-ausschiffung-bedeutung","status":"publish","type":"page","link":"https:\/\/www.sonnenklar.tv\/blog\/reiselexikon\/einschiffung-ausschiffung-bedeutung\/","title":{"rendered":"Was bedeutet Einschiffung bzw. Ausschiffung"},"content":{"rendered":"\n<p><strong>Wenn ihr zum ersten Mal auf gro\u00dfe (See-)Fahrt geht, werdet ihr vermutlich mit vielen Begriffen konfrontiert, von denen ihr noch nie geh\u00f6rt habt. Seeleute verwenden sie teilweise schon seit Jahrhunderten, w\u00e4hrend sie uns Landratten erst einmal nichts sagen. Was es mit den Begriffen Einschiffung bzw. Ausschiffung auf sich hat, erkl\u00e4ren wir euch hier.<\/strong><\/p>\n\n\n\n<hr class=\"wp-block-separator has-css-opacity\"\/>\n\n\n\n<p><strong>Inhaltsverzeichnis<\/strong><\/p>\n\n\n\n<ul class=\"wp-block-list\">\n<li><a href=\"#einschiffen-bedeutung\">Was ist einschiffen?<\/a><\/li>\n\n\n\n<li><a href=\"#ausschiffen-bedeutung\">Was ist ausschiffen?<\/a><\/li>\n\n\n\n<li><a href=\"#einschiffung-ausschiffung-funktionsweise\">Wie funktioniert die Einschiffung\/Ausschiffung?<\/a><\/li>\n\n\n\n<li><a href=\"#einschiffung-ausschiffung-dauer\">Wie lange dauert die Einschiffung\/Ausschiffung?<\/a><\/li>\n\n\n\n<li><a href=\"#einschiffung-ausschiffung-was-beachten\">Was ist bei der Einschiffung\/Ausschiffung zu beachten?<\/a><\/li>\n<\/ul>\n\n\n\n<hr class=\"wp-block-separator has-css-opacity\"\/>\n\n\n\n<h2 class=\"wp-block-heading\"><a name=\"einschiffen-bedeutung\"><\/a>Was ist einschiffen?<\/h2>\n\n\n\n<p>Eins vorweg: Ein Schiffsmanifest, das oft auch als Bordmanifest bezeichnet wird, ist kein Versuch der Reederei, eure pers\u00f6nlichen Daten abzugreifen. Manche Reedereien nennen das Formular mittlerweile Online-Check-in, was verst\u00e4ndlicher macht, worum es geht. W\u00e4hrend eurer Kreuzfahrt werdet ihr in der Regel mehrere L\u00e4nder besuchen. Damit ihr nicht in jedem Hafen mit langen Grenzkontrollen rechnen m\u00fcsst, \u00fcbermittelt ihr eure Daten vorab an die Reederei, die sich f\u00fcr alle Passagiere um die Einreiseformalit\u00e4ten k\u00fcmmert. Das hilft auch dabei, das Boarding zu Beginn eurer Kreuzfahrt zu beschleunigen.<\/p>\n\n\n\n<h2 class=\"wp-block-heading\"><a name=\"ausschiffen-bedeutung\"><\/a>Was ist ausschiffen?<\/h2>\n\n\n\n<p>Analog zum Check-in beim Einschiffen ist das Ausschiffen der Check-out. Auch hier gilt, dass vielleicht tausende Menschen auf einmal das Schiff verlassen m\u00f6chten und es dabei schon einmal zu Andrang kommen kann. Daher solltet ihr auch beim Ausschiffen gut vorbereitet sein: So k\u00f6nnt ihr euer Gep\u00e4ck bereits am Vorabend packen und die Dinge, die ihr noch ben\u00f6tigt, im Handgep\u00e4ck verstauen. Wenn jeder seinen kleinen Beitrag zur Unterst\u00fctzung des Schiffspersonals leistet, funktioniert auch das Ausschiffen wie am Schn\u00fcrchen. Schlie\u00dflich m\u00fcsst nicht nur ihr einen Flieger erreichen.<\/p>\n\n\n\n<h2 class=\"wp-block-heading\"><a name=\"einschiffung-ausschiffung-funktionsweise\"><\/a>Wie funktioniert die Einschiffung\/Ausschiffung?<\/h2>\n\n\n\n<p>Die gr\u00f6\u00dferen H\u00e4fen verf\u00fcgen heutzutage \u00fcber gro\u00dfe Terminals \u00e4hnlich wie am Flughafen. Da ihr oftmals im Ausland einschiffen werdet, ist es hilfreich, das englische Wort f\u00fcr Einschiffung \u2013 Embarkation \u2013 zu kennen. Wenn ihr mit eurem Gep\u00e4ck am Check-in-Schalter steht, zeigt ihr euer Ticket und euren Pass bzw. den Ausweis vor. Habt ihr vorab schon online eingecheckt, erhaltet ihr direkt eure Bordkarte. Die braucht ihr w\u00e4hrend der Kreuzfahrt immer wieder, weil ihr damit das Schiff verlassen und wieder betreten, eventuelle Rechnungen auf euer Bordkonto buchen k\u00f6nnt und sie oftmals auch als Kabinenschl\u00fcssel fungiert. Nun m\u00fcsst ihr noch euer Gep\u00e4ck abgeben, damit es durchleuchtet werden kann. Die Koffer werden dann direkt auf eure Kabine geliefert. Da man sich auf einem gro\u00dfen Kreuzfahrtschiff schon einmal verlaufen kann, wird euch jemand den Weg zur Kabine zeigen \u2013 und schon kann das Abenteuer Seereise beginnen.<\/p>\n\n\n\n<p>Wenn es dann hei\u00dft, Abschied vom Schiff zu nehmen, kommt die Ausschiffung (englisch Disembarkation). Wie diese genau abl\u00e4uft, erfahrt ihr normalerweise einen Tag vor Ende der Kreuzfahrt. In der Regel wird euer Gep\u00e4ck am Abend vor dem Erreichen des Zielhafens eingesammelt und zu einer zentralen Stelle an Bord gebracht, von wo es am n\u00e4chsten Morgen entladen wird. Wenn ihr unn\u00f6tige Wartezeit sparen wollt, begleicht ihr am Vorabend, bevor ihr euch auf eure Kabine zur\u00fcckzieht, au\u00dferdem die Bordrechnung. Dann wird beim Verlassen des Schiffes nur nochmals gepr\u00fcft, ob die Rechnung bezahlt wurde, und ihr begebt euch direkt zur Gep\u00e4ckausgabe, die wieder \u00e4hnlich wie am Flughafen funktioniert<\/p>\n\n\n\n<h2 class=\"wp-block-heading\"><a name=\"einschiffung-ausschiffung-dauer\"><\/a>Wie lange dauert die Einschiffung\/Ausschiffung?<\/h2>\n\n\n\n<p>Die Dauer des Einschiffens bzw. Ausschiffens h\u00e4ngt von mehreren Faktoren ab. Nat\u00fcrlich geht die Abwicklung auf einem Schiff mit nur 1000 Passagieren schneller als auf einem Schiff, das 6000 Passagiere aufnimmt. Hat der Hafen, in dem ihr an Bord geht, ein modernes Kreuzfahrtterminal, verk\u00fcrzt sich die Zeit beim Einsteigen dank modernster Computertechnik. Dennoch kann sich das Einschiffen durchaus hinziehen und mehrere Stunden in Anspruch nehmen. Es empfiehlt sich also, etwas zu trinken und Lesestoff dabei zu haben. Auch die Ausschiffung kann sich in die L\u00e4nge ziehen. Wenn aber m\u00f6glichst viele Passagiere ihre Bordrechnung am Vorabend beglichen haben, kann es schneller gehen. Sofern ihr eure Fl\u00fcge nicht im Pauschalpaket gebucht habt, stellt sicher, dass ihr gen\u00fcgend Zeitpuffer habt und euer Heimflug nicht schon zwei Stunden nach Erreichen des Zielhafens abhebt.<\/p>\n\n\n\n<p>Jetzt die besten <a href=\"https:\/\/www.sonnenklar.tv\/kreuzfahrten.html\">Angebote f\u00fcr Kreuzfahrten<\/a> entdecken und unkompliziert die n\u00e4chste Schiffsreise buchen!\u00a0<\/p>\n\n\n\n<h2 class=\"wp-block-heading\"><a name=\"einschiffung-ausschiffung-was-beachten\"><\/a>Was ist bei der Einschiffung\/Ausschiffung zu beachten?<\/h2>\n\n\n\n<p>Wie bereits erw\u00e4hnt, solltet ihr, wenn ihr eure Fl\u00fcge nicht im Pauschalpaket mitgebucht habt, sowohl bei der An- als auch Abreise einen gro\u00dfz\u00fcgigen Zeitpuffer einplanen. Beim Einschiffen ist es ratsam, die n\u00f6tigen Papiere schnell zur Hand zu haben, wenn ihr an der Reihe seid. Auch beim Ausschiffen ist es angezeigt, die n\u00f6tigen Formalit\u00e4ten m\u00f6glichst fr\u00fch zu erledigen.<\/p>\n\n\n\n<h3 class=\"wp-block-heading\">Mehr zum Thema Kreuzfahrt:<\/h3>\n\n\n\n<p><a href=\"hhttps:\/\/www.sonnenklar.tv\/blog\/reiselexikon\/captains-dinner-bedeutung\/\">Captain`s Dinner<\/a>\u00a0 \u00a0\u00a0<a href=\"https:\/\/www.sonnenklar.tv\/blog\/reiselexikon\/schiffsmanifest-bedeutung\/\">Schiffsmanifest<\/a> \u00a0 \u00a0<a href=\"https:\/\/www.sonnenklar.tv\/blog\/reiselexikon\/tendern-bedeutung\/\">Tendern<\/a><\/p>\n\n\n\n<p><a href=\"https:\/\/www.sonnenklar.tv\/blog\/reiselexikon\/\">&lt;&lt; Zur\u00fcck zum Reiselexikon<\/a><\/p>\n","protected":false},"excerpt":{"rendered":"<p>Wenn ihr zum ersten Mal auf gro\u00dfe (See-)Fahrt geht, werdet ihr vermutlich mit vielen Begriffen konfrontiert, von denen ihr noch nie geh\u00f6rt habt. Seeleute verwenden sie teilweise schon seit Jahrhunderten, w\u00e4hrend sie uns Landratten erst einmal nichts sagen. Was es mit den Begriffen Einschiffung bzw. Ausschiffung auf sich hat, erkl\u00e4ren wir euch hier. Inhaltsverzeichnis Was<\/p>\n","protected":false},"author":3,"featured_media":0,"parent":6051,"menu_order":0,"comment_status":"closed","ping_status":"closed","template":"","meta":{"footnotes":""},"class_list":["post-21174","page","type-page","status-publish"],"_links":{"self":[{"href":"https:\/\/www.sonnenklar.tv\/blog\/wp-json\/wp\/v2\/pages\/21174","targetHints":{"allow":["GET"]}}],"collection":[{"href":"https:\/\/www.sonnenklar.tv\/blog\/wp-json\/wp\/v2\/pages"}],"about":[{"href":"https:\/\/www.sonnenklar.tv\/blog\/wp-json\/wp\/v2\/types\/page"}],"author":[{"embeddable":true,"href":"https:\/\/www.sonnenklar.tv\/blog\/wp-json\/wp\/v2\/users\/3"}],"replies":[{"embeddable":true,"href":"https:\/\/www.sonnenklar.tv\/blog\/wp-json\/wp\/v2\/comments?post=21174"}],"version-history":[{"count":10,"href":"https:\/\/www.sonnenklar.tv\/blog\/wp-json\/wp\/v2\/pages\/21174\/revisions"}],"predecessor-version":[{"id":37571,"href":"https:\/\/www.sonnenklar.tv\/blog\/wp-json\/wp\/v2\/pages\/21174\/revisions\/37571"}],"up":[{"embeddable":true,"href":"https:\/\/www.sonnenklar.tv\/blog\/wp-json\/wp\/v2\/pages\/6051"}],"wp:attachment":[{"href":"https:\/\/www.sonnenklar.tv\/blog\/wp-json\/wp\/v2\/media?parent=21174"}],"curies":[{"name":"wp","href":"https:\/\/api.w.org\/{rel}","templated":true}]}}