{"id":21170,"date":"2022-09-06T13:42:46","date_gmt":"2022-09-06T12:42:46","guid":{"rendered":"https:\/\/www.sonnenklar.tv\/blog\/?page_id=21170"},"modified":"2025-12-12T15:54:35","modified_gmt":"2025-12-12T14:54:35","slug":"schiffsmanifest-bedeutung","status":"publish","type":"page","link":"https:\/\/www.sonnenklar.tv\/blog\/reiselexikon\/schiffsmanifest-bedeutung\/","title":{"rendered":"Was ist ein Schiffsmanifest?"},"content":{"rendered":"\n<p><strong>Ihr habt euch einen lang ersehnten Traum erf\u00fcllt und eure erste Kreuzfahrt gebucht. Die Vorfreude ist gro\u00df und ihr k\u00f6nnt es kaum noch abwarten, auf gro\u00dfe Reise zu gehen. Mit der Buchungsbest\u00e4tigung der Reederei erhaltet ihr einen Fragebogen, der sich Schiffsmanifest nennt und den ihr vor der Abreise ausf\u00fcllen sollt. Wir erkl\u00e4ren euch, warum ihr diesen Fragebogen erhaltet und es wichtig ist, ihn zeitnah einzureichen.<\/strong><\/p>\n\n\n\n<hr class=\"wp-block-separator has-css-opacity\"\/>\n\n\n\n<p><strong>Inhaltsverzeichnis<\/strong><\/p>\n\n\n\n<ul class=\"wp-block-list\">\n<li><a href=\"#schiffsmanifest-nutzen\">Wozu dient das Schiffsmanifest<\/a><\/li>\n\n\n\n<li><a href=\"#schiffsmanifest-wichtigkeit\">Warum ist das Schiffsmanifest wichtig?<\/a><\/li>\n\n\n\n<li><a href=\"#schiffsmanifest-daten\">Welche Daten werden im Schiffsmanifest abgefragt?<\/a><\/li>\n\n\n\n<li><a href=\"#schiffsmanifest-ausfuellen\">Was ist beim Ausf\u00fcllen des Schiffsmanifests zu beachten?<\/a><\/li>\n<\/ul>\n\n\n\n<hr class=\"wp-block-separator has-css-opacity\"\/>\n\n\n\n<h2 class=\"wp-block-heading\"><a name=\"schiffsmanifest-nutzen\"><\/a>Wozu dient das Schiffsmanifest?<\/h2>\n\n\n\n<p>Eins vorweg: Ein Schiffsmanifest, das oft auch als Bordmanifest bezeichnet wird, ist kein Versuch der Reederei, eure pers\u00f6nlichen Daten abzugreifen. Manche Reedereien nennen das Formular mittlerweile Online-Check-in, was verst\u00e4ndlicher macht, worum es geht. W\u00e4hrend eurer Kreuzfahrt werdet ihr in der Regel mehrere L\u00e4nder besuchen. Damit ihr nicht in jedem Hafen mit langen Grenzkontrollen rechnen m\u00fcsst, \u00fcbermittelt ihr eure Daten vorab an die Reederei, die sich f\u00fcr alle Passagiere um die Einreiseformalit\u00e4ten k\u00fcmmert. Das hilft auch dabei, das Boarding zu Beginn eurer Kreuzfahrt zu beschleunigen.<\/p>\n\n\n\n<h2 class=\"wp-block-heading\"><a name=\"schiffsmanifest-wichtigkeit\"><\/a>Warum ist das Schiffsmanifest wichtig?<\/h2>\n\n\n\n<p>Wenn euch eure Kreuzfahrt nur in L\u00e4nder f\u00fchrt, die zum Schengen-Raum geh\u00f6ren, ist das Schiffsmanifest vielleicht nicht ganz so wichtig wie in H\u00e4fen, die au\u00dferhalb dieses Raums liegen und f\u00fcr die ihr normalerweise ein Visum beantragen m\u00fcsstet. Nachdem ihr das Bordmanifest ausgef\u00fcllt und an die Reederei zur\u00fcckgeschickt habt, wird diese rechtzeitig vor eurer Abreise die betroffenen Zoll\u00e4mter kontaktieren und die Einreiseformalit\u00e4ten f\u00fcr euch regeln. Ohne dieses Manifest k\u00f6nnte es passieren, dass euer Schiff in einem Hafen liegt und ihr nicht von Bord gehen d\u00fcrft, weil auf die Schnelle kein Visum f\u00fcr euch ausgestellt werden kann.<\/p>\n\n\n\n<h2 class=\"wp-block-heading\"><a name=\"schiffsmanifest-daten\"><\/a>Welche Daten werden im Schiffsmanifest abgefragt?<\/h2>\n\n\n\n<p>Zwingend erforderlich sind Angaben wie euer vollst\u00e4ndiger Name, Geburtsdatum und Geburtsort sowie Wohnort und Nationalit\u00e4t. Dar\u00fcber hinaus m\u00fcsst ihr eure Passdaten angeben. Bei Reisen innerhalb des Schengen-Raums reicht der Personalausweis, bei Reisen au\u00dferhalb dieses Gebietes ben\u00f6tigt ihr einen Reisepass. Wenn ihr euch nicht sicher seid, ob ihr mit Personalausweis oder Reisepass einreisen k\u00f6nnt, gebt eure Passnummer an. Die passt in allen L\u00e4ndern. Wir gehen zwar davon aus, dass eure Kreuzfahrt entspannt verl\u00e4uft, aber f\u00fcr den Fall der F\u00e4lle ist die Nennung eines Notfallkontakts erforderlich. Meist wird noch um freiwillige Angaben gebeten wie Telefonnummer oder E-Mail-Adresse. Oft fragen die Reedereien auf freiwilliger Basis auch nach Beruf und Familienstand. Etwas wichtiger k\u00f6nnte die Abfrage gesundheitlicher Beeintr\u00e4chtigungen oder Behinderungen sein. Manche bitten auch um Angaben zu Allergien und Lebensmittelunvertr\u00e4glichkeiten \u2013 das gibt der Reederei die M\u00f6glichkeit, sich auf eure speziellen Bed\u00fcrfnisse einzustellen und euch den bestm\u00f6glichen Service zu bieten.<\/p>\n\n\n\n<p>Jetzt die besten <a href=\"https:\/\/www.sonnenklar.tv\/kreuzfahrten.html\">Angebote f\u00fcr Kreuzfahrten<\/a> entdecken und unkompliziert die n\u00e4chste Schiffsreise buchen!\u00a0<\/p>\n\n\n\n<figure class=\"wp-block-image size-full alignnone wp-image-7808\"><a href=\"https:\/\/www.sonnenklar.tv\/blog\/wp-content\/uploads\/2025\/04\/Schiffsmanifest-Bedeutung-Kreuzfahrt-1.jpg\"><img fetchpriority=\"high\" decoding=\"async\" width=\"880\" height=\"450\" src=\"https:\/\/www.sonnenklar.tv\/blog\/wp-content\/uploads\/2025\/04\/Schiffsmanifest-Bedeutung-Kreuzfahrt-1.jpg\" alt=\"Schiffsmanifest Bedeutung Kreuzfahrt\" class=\"wp-image-35147\" srcset=\"https:\/\/www.sonnenklar.tv\/blog\/wp-content\/uploads\/2025\/04\/Schiffsmanifest-Bedeutung-Kreuzfahrt-1.jpg 880w, https:\/\/www.sonnenklar.tv\/blog\/wp-content\/uploads\/2025\/04\/Schiffsmanifest-Bedeutung-Kreuzfahrt-1-800x409.jpg 800w, https:\/\/www.sonnenklar.tv\/blog\/wp-content\/uploads\/2025\/04\/Schiffsmanifest-Bedeutung-Kreuzfahrt-1-18x9.jpg 18w, https:\/\/www.sonnenklar.tv\/blog\/wp-content\/uploads\/2025\/04\/Schiffsmanifest-Bedeutung-Kreuzfahrt-1-120x61.jpg 120w, https:\/\/www.sonnenklar.tv\/blog\/wp-content\/uploads\/2025\/04\/Schiffsmanifest-Bedeutung-Kreuzfahrt-1-90x46.jpg 90w, https:\/\/www.sonnenklar.tv\/blog\/wp-content\/uploads\/2025\/04\/Schiffsmanifest-Bedeutung-Kreuzfahrt-1-320x164.jpg 320w, https:\/\/www.sonnenklar.tv\/blog\/wp-content\/uploads\/2025\/04\/Schiffsmanifest-Bedeutung-Kreuzfahrt-1-560x286.jpg 560w\" sizes=\"(max-width: 880px) 100vw, 880px\" \/><\/a><figcaption class=\"wp-element-caption\">Was ist ein Schiffsmanifest?<\/figcaption><\/figure>\n\n\n\n<h2 class=\"wp-block-heading\"><a name=\"schiffsmanifest-ausfuellen\"><\/a>Was ist beim Ausf\u00fcllen des Schiffsmanifests zu beachten?<\/h2>\n\n\n\n<p>Wichtig ist, dass ihr die Pflichtfelder wahrheitsgem\u00e4\u00df ausf\u00fcllt. Wenn ihr falsche Daten an die Reederei \u00fcbermittelt, kann das schwerwiegende Konsequenzen nach sich ziehen. Eure Urlaubszeit ist aber zu kostbar f\u00fcr administrative Probleme. Bei den freiwilligen Angaben ist es nat\u00fcrlich euch \u00fcberlassen, zu entscheiden, was ihr nennen m\u00f6chtet. In manchen F\u00e4llen kann es durchaus sinnvoll sein, bestimmte Daten anzugeben. Gut zu wissen: Ihr solltet das Schiffsmanifest m\u00f6glichst bald nach Erhalt ausf\u00fcllen, denn eure Reiseunterlagen erhaltet ihr erst, wenn ihr das Manifest an die Reederei \u00fcbermittelt habt. Das Ausf\u00fcllen dauert nicht lange und danach z\u00e4hlt wirklich nur noch die Vorfreude, die ja bekanntlich die sch\u00f6nste ist.<\/p>\n\n\n\n<h3 class=\"wp-block-heading\">Mehr zum Thema Kreuzfahrt:<\/h3>\n\n\n\n<p><a href=\"hhttps:\/\/www.sonnenklar.tv\/blog\/reiselexikon\/captains-dinner-bedeutung\/\">Captain`s Dinner<\/a> \u00a0 <a href=\"https:\/\/www.sonnenklar.tv\/blog\/reiselexikon\/einschiffung-ausschiffung-bedeutung\/\">Einschiffung<\/a>\u00a0 \u00a0\u00a0<a href=\"https:\/\/www.sonnenklar.tv\/blog\/reiselexikon\/tendern-bedeutung\/\">Tendern<\/a><\/p>\n\n\n\n<p><a href=\"https:\/\/www.sonnenklar.tv\/blog\/reiselexikon\/\">&lt;&lt; Zur\u00fcck zum Reiselexikon<\/a><\/p>\n","protected":false},"excerpt":{"rendered":"<p>Ihr habt euch einen lang ersehnten Traum erf\u00fcllt und eure erste Kreuzfahrt gebucht. Die Vorfreude ist gro\u00df und ihr k\u00f6nnt es kaum noch abwarten, auf gro\u00dfe Reise zu gehen. Mit der Buchungsbest\u00e4tigung der Reederei erhaltet ihr einen Fragebogen, der sich Schiffsmanifest nennt und den ihr vor der Abreise ausf\u00fcllen sollt. Wir erkl\u00e4ren euch, warum ihr<\/p>\n","protected":false},"author":3,"featured_media":0,"parent":6051,"menu_order":0,"comment_status":"closed","ping_status":"closed","template":"","meta":{"footnotes":""},"class_list":["post-21170","page","type-page","status-publish"],"_links":{"self":[{"href":"https:\/\/www.sonnenklar.tv\/blog\/wp-json\/wp\/v2\/pages\/21170","targetHints":{"allow":["GET"]}}],"collection":[{"href":"https:\/\/www.sonnenklar.tv\/blog\/wp-json\/wp\/v2\/pages"}],"about":[{"href":"https:\/\/www.sonnenklar.tv\/blog\/wp-json\/wp\/v2\/types\/page"}],"author":[{"embeddable":true,"href":"https:\/\/www.sonnenklar.tv\/blog\/wp-json\/wp\/v2\/users\/3"}],"replies":[{"embeddable":true,"href":"https:\/\/www.sonnenklar.tv\/blog\/wp-json\/wp\/v2\/comments?post=21170"}],"version-history":[{"count":11,"href":"https:\/\/www.sonnenklar.tv\/blog\/wp-json\/wp\/v2\/pages\/21170\/revisions"}],"predecessor-version":[{"id":37599,"href":"https:\/\/www.sonnenklar.tv\/blog\/wp-json\/wp\/v2\/pages\/21170\/revisions\/37599"}],"up":[{"embeddable":true,"href":"https:\/\/www.sonnenklar.tv\/blog\/wp-json\/wp\/v2\/pages\/6051"}],"wp:attachment":[{"href":"https:\/\/www.sonnenklar.tv\/blog\/wp-json\/wp\/v2\/media?parent=21170"}],"curies":[{"name":"wp","href":"https:\/\/api.w.org\/{rel}","templated":true}]}}