{"id":19903,"date":"2022-05-17T09:21:18","date_gmt":"2022-05-17T08:21:18","guid":{"rendered":"https:\/\/www.sonnenklar.tv\/blog\/?page_id=19903"},"modified":"2025-12-12T15:59:50","modified_gmt":"2025-12-12T14:59:50","slug":"tendern-bedeutung","status":"publish","type":"page","link":"https:\/\/www.sonnenklar.tv\/blog\/reiselexikon\/tendern-bedeutung\/","title":{"rendered":"Was bedeutet Tendern?"},"content":{"rendered":"\n<p><strong>Ihr plant eure erste Kreuzfahrt und seid zun\u00e4chst einmal auf der Suche nach der passenden Route. Dann werdet ihr oft auf Begriffe sto\u00dfen, die euch zun\u00e4chst nichts sagen. So taucht zum Beispiel beim Kreuzfahrtverlauf in manchen H\u00e4fen der Begriff Tenderservice auf. Was es damit auf sich hat, wollen wir euch in diesem Eintrag erkl\u00e4ren.<\/strong><\/p>\n\n\n\n<hr class=\"wp-block-separator has-css-opacity\"\/>\n\n\n\n<p><strong>Inhaltsverzeichnis<\/strong><\/p>\n\n\n\n<ul class=\"wp-block-list\">\n<li><a href=\"#tendern-bedeutung\">Was ist Tendern?<\/a><\/li>\n\n\n\n<li><a href=\"#tendern-grund\">Warum wird getendert?<\/a><\/li>\n\n\n\n<li><a href=\"#tendern-ablauf\">Wie l\u00e4uft das Tendern auf einem Kreuzfahrtschiff ab?<\/a><\/li>\n\n\n\n<li><a href=\"#tendern-beachten\">Was muss beim Tendern beachtet werden?<\/a><\/li>\n\n\n\n<li><a href=\"#tendern-haefen\">Welche bekannten Tenderh\u00e4fen gibt es?<\/a><\/li>\n<\/ul>\n\n\n\n<hr class=\"wp-block-separator has-css-opacity\"\/>\n\n\n\n<h2 class=\"wp-block-heading\"><a name=\"tendern-bedeutung\"><\/a>Was ist Tendern?<\/h2>\n\n\n\n<p>Der Begriff Tender kommt aus dem Englischen und bedeutet sowohl \u201eVersorger\u201c wie auch \u201eBeiboot\u201c. Ein Kreuzfahrtschiff muss \u00fcber ausreichend dieser Beiboote verf\u00fcgen, die im Notfall als Rettungsboote genutzt werden k\u00f6nnen. Es gibt da feine Unterschiede und nicht jedes Beiboot ist auch ein Rettungsboot. Beim Tendern werden diese Boote genutzt, um euch von eurem Kreuzfahrtschiff trockenen Fu\u00dfes an Land und wieder zur\u00fcckzubringen. Tendern ist also eine Art F\u00e4hrservice zwischen Mutterschiff und dem sicheren Hafen. Bei den modernen Ozeanriesen sind diese Tenderboote recht gro\u00df und k\u00f6nnen bis zu 150 Personen aufnehmen. Die Ausschiffung dauert dadurch nur unwesentlich l\u00e4nger, als wenn ihr im Hafen direkt an Land geht.<\/p>\n\n\n\n<h2 class=\"wp-block-heading\"><a name=\"tendern-grund\"><\/a>Warum wird getendert?<\/h2>\n\n\n\n<p>Die sch\u00f6nsten H\u00e4fen sind oft die, die in kleinen Buchten liegen und mangels Wassertiefe oder zu kleiner H\u00e4fen keinen Pier haben. Also wirft der Kapit\u00e4n in der Bucht vor dem Hafen den Anker aus und ihr m\u00fcsst &#8222;umsteigen\u201c, um an Land zu kommen. Damit ihr euch euer Reiseziel anschauen k\u00f6nnt, werden dann die Beiboote zu Wasser gelassen und ihr fahrt mit diesen an Land. So k\u00f6nnen euch auch die gr\u00f6\u00dften Schiffe an den romantischsten Buchten dieser Welt absetzen. Ein f\u00fcr euch willkommener Nebeneffekt des Tenderns ist die Tatsache, dass ihr von Land aus tolle Bilder von eurem Schiff machen k\u00f6nnt.<\/p>\n\n\n\n<h2 class=\"wp-block-heading\"><a name=\"tendern-ablauf\"><\/a>Wie l\u00e4uft das Tendern auf einem Kreuzfahrtschiff ab?<\/h2>\n\n\n\n<p>Nachdem der Kapit\u00e4n das Schiff vor der Bucht fest verankert hat, werden also die Tenderboote zu Wasser gelassen. Jedes Kreuzfahrtschiff hat mindestens zwei Eing\u00e4nge. Der Haupteingang liegt meist auf dem Hauptdeck, wo ihr \u00fcber die Terminals in gro\u00dfen Kreuzfahrth\u00e4fen euer Schiff besteigt. Da aber nicht jeder Hafen \u00fcber so einen Pier verf\u00fcgt, braucht es einen zweiten Eingang, der knapp \u00fcber der Wasserfl\u00e4che liegt. Dieser Eingang wird dann auch beim Tendern genutzt. Von dort steigt ihr ins wartende Beiboot, das oft unvert\u00e4ut an einer schwimmenden Plattform vor dem Schiff liegt. Ihr m\u00fcsst euch \u00fcbrigens nicht beeilen, um den ersten Tender zu erreichen. Die Boote verkehren in einem Pendelverkehr zwischen dem Schiff und dem Hafen.<\/p>\n\n\n\n<figure class=\"wp-block-image alignnone wp-image-6662 size-full\"><img decoding=\"async\" src=\"https:\/\/www.sonnenklar.tv\/blog\/wp-content\/uploads\/2022\/05\/Tendern-Bedeutung.jpg\" alt=\"Tendern Bedeutung\" class=\"wp-image-6662\"\/><figcaption class=\"wp-element-caption\">Wenn Kreuzfahrtschiffe nicht anlegen k\u00f6nnen, m\u00fcssen Passagiere tendern<\/figcaption><\/figure>\n\n\n\n<h2 class=\"wp-block-heading\"><a name=\"#tendern-beachten\"><\/a>Was muss beim Tendern beachtet werden?<\/h2>\n\n\n\n<p>Das Tendern geschieht auf dem offenen Wasser und die Boote werden nicht wirklich anget\u00e4ut. Dadurch kann der Einstieg ins schaukelnde Beiboot manchmal etwas schwierig werden. Es stehen aber in der Regel immer hilfsbereite Crewmitglieder am Boot, die euch den Einstieg mit helfenden H\u00e4nden erleichtern. Das Gleiche gilt dann auch im Hafen bei der Anlandung. Wenn ihr euch an Bord eines modernen Kreuzfahrtschiffes bewegt, werdet ihr kaum etwas vom Seegang merken. Auf einem kleinen Tenderboot zuweilen aber schon. Das schaukelt dann ein wenig bei der \u00dcberfahrt. Bei richtig starkem Seegang kann es in seltenen F\u00e4llen passieren, dass der Kapit\u00e4n den Tenderservice aus Sicherheitsgr\u00fcnden kurzfristig absagt.<\/p>\n\n\n\n<p>Jetzt die besten <a href=\"https:\/\/www.sonnenklar.tv\/kreuzfahrten.html\">Angebote f\u00fcr Kreuzfahrten<\/a> entdecken und unkompliziert die n\u00e4chste Schiffsreise buchen!\u00a0<\/p>\n\n\n\n<h2 class=\"wp-block-heading\"><a name=\"tendern-haefen\"><\/a>Welche bekannten Tenderh\u00e4fen gibt es?<\/h2>\n\n\n\n<p>Wie bereits erw\u00e4hnt, muss in einigen der sch\u00f6nsten H\u00e4fen dieser Welt getendert werden. In Europa betrifft das zum Beispiel das franz\u00f6sische Cannes oder Kotor in Montenegro. Wenn eure Kreuzfahrt euch durch die griechischen Kykladeninseln f\u00fchrt, nutzt ihr den Tender in Santorini und Mykonos. Relativ viele H\u00e4fen mit Tenderservice habt ihr bei einer Fahrt entlang der norwegischen Fjorde. Das gilt f\u00fcr Geiranger, Hellesylt und Honningsvag (Nordkap). Auch Funchal auf Madeira ist so ein Hafen. In Asien betrifft es Koh Samui, Phuket, Nha Trang, Halong Bay. In Amerika wird in Belize City und auf manchen kleineren Karibikinseln mit dem Beiboot an Land gependelt. Ihr erkennt die Tenderh\u00e4fen, wenn ihr euch den Reiseverlauf eurer Kreuzfahrt anschaut. Dort taucht entweder neben dem Namen des Hafens ein Anker auf, oder aber es wird ein Satz abgedruckt, der euch explizit darauf hinweist.<\/p>\n\n\n\n<h3 class=\"wp-block-heading\">Mehr zum Thema Kreuzfahrt:<\/h3>\n\n\n\n<p><a href=\"hhttps:\/\/www.sonnenklar.tv\/blog\/reiselexikon\/captains-dinner-bedeutung\/\">Captain`s Dinner<\/a> \u00a0 <a href=\"https:\/\/www.sonnenklar.tv\/blog\/reiselexikon\/einschiffung-ausschiffung-bedeutung\/\">Einschiffung<\/a> \u00a0 \u00a0<a href=\"https:\/\/www.sonnenklar.tv\/blog\/reiselexikon\/schiffsmanifest-bedeutung\/\">Schiffsmanifest<\/a><\/p>\n\n\n\n<p><a href=\"https:\/\/www.sonnenklar.tv\/blog\/reiselexikon\/\">&lt;&lt; Zur\u00fcck zum Reiselexikon<\/a><\/p>\n","protected":false},"excerpt":{"rendered":"<p>Ihr plant eure erste Kreuzfahrt und seid zun\u00e4chst einmal auf der Suche nach der passenden Route. Dann werdet ihr oft auf Begriffe sto\u00dfen, die euch zun\u00e4chst nichts sagen. So taucht zum Beispiel beim Kreuzfahrtverlauf in manchen H\u00e4fen der Begriff Tenderservice auf. Was es damit auf sich hat, wollen wir euch in diesem Eintrag erkl\u00e4ren. Inhaltsverzeichnis<\/p>\n","protected":false},"author":3,"featured_media":0,"parent":6051,"menu_order":0,"comment_status":"closed","ping_status":"closed","template":"","meta":{"footnotes":""},"class_list":["post-19903","page","type-page","status-publish"],"_links":{"self":[{"href":"https:\/\/www.sonnenklar.tv\/blog\/wp-json\/wp\/v2\/pages\/19903","targetHints":{"allow":["GET"]}}],"collection":[{"href":"https:\/\/www.sonnenklar.tv\/blog\/wp-json\/wp\/v2\/pages"}],"about":[{"href":"https:\/\/www.sonnenklar.tv\/blog\/wp-json\/wp\/v2\/types\/page"}],"author":[{"embeddable":true,"href":"https:\/\/www.sonnenklar.tv\/blog\/wp-json\/wp\/v2\/users\/3"}],"replies":[{"embeddable":true,"href":"https:\/\/www.sonnenklar.tv\/blog\/wp-json\/wp\/v2\/comments?post=19903"}],"version-history":[{"count":10,"href":"https:\/\/www.sonnenklar.tv\/blog\/wp-json\/wp\/v2\/pages\/19903\/revisions"}],"predecessor-version":[{"id":37607,"href":"https:\/\/www.sonnenklar.tv\/blog\/wp-json\/wp\/v2\/pages\/19903\/revisions\/37607"}],"up":[{"embeddable":true,"href":"https:\/\/www.sonnenklar.tv\/blog\/wp-json\/wp\/v2\/pages\/6051"}],"wp:attachment":[{"href":"https:\/\/www.sonnenklar.tv\/blog\/wp-json\/wp\/v2\/media?parent=19903"}],"curies":[{"name":"wp","href":"https:\/\/api.w.org\/{rel}","templated":true}]}}