{"id":19895,"date":"2022-05-17T08:39:44","date_gmt":"2022-05-17T07:39:44","guid":{"rendered":"https:\/\/www.sonnenklar.tv\/blog\/?page_id=19895"},"modified":"2025-12-12T15:31:27","modified_gmt":"2025-12-12T14:31:27","slug":"captains-dinner-bedeutung","status":"publish","type":"page","link":"https:\/\/www.sonnenklar.tv\/blog\/reiselexikon\/captains-dinner-bedeutung\/","title":{"rendered":"Was versteht man unter einem Captain\u2019s Dinner?"},"content":{"rendered":"\n<p><strong>F\u00fcr viele ist das Highlight einer Kreuzfahrt das Kapit\u00e4nsdinner. Es ist eine der wenigen Traditionen an Bord, die auf eine lange Geschichte zur\u00fcckblicken und auch heute noch zelebriert werden. Wenn ihr euch regelm\u00e4\u00dfig das Traumschiff anschaut, seht ihr am Ende jeder Folge, wie ein Kapit\u00e4nsdinner abl\u00e4uft.<\/strong><\/p>\n\n\n\n<hr class=\"wp-block-separator has-css-opacity\"\/>\n\n\n\n<p><strong>Inhaltsverzeichnis<\/strong><\/p>\n\n\n\n<ul class=\"wp-block-list\">\n<li><a href=\"#captains-dinner-bedeutung\">Was ist ein Captain\u2019s Dinner?<\/a><\/li>\n\n\n\n<li><a href=\"#captains-dinner-hintergrund\">Was ist der Hintergrund des Captain\u2019s Dinner?<\/a><\/li>\n\n\n\n<li><a href=\"#captains-dinner-ablauf\">Wie l\u00e4uft ein Captain\u2019s Dinner ab?<\/a><\/li>\n\n\n\n<li><a href=\"#captains-dinner-kleidung\">Wie kleidet man sich beim Captain\u2019s Dinner?<\/a><\/li>\n<\/ul>\n\n\n\n<hr class=\"wp-block-separator has-css-opacity\"\/>\n\n\n\n<h2 class=\"wp-block-heading\"><a name=\"captains-dinner-bedeutung\"><\/a>Was ist ein Captain\u2019s Dinner?<\/h2>\n\n\n\n<p>Das Kapit\u00e4nsdinner ist ein fester Bestandteil einer jeden Kreuzfahrt. Meistens findet es an einem Seetag statt, damit ihr gen\u00fcgend Zeit habt, euch fein zu machen. Schlie\u00dflich ist es eine Ehre, den Kapit\u00e4n einmal live zu sehen, da dieser sich den Passagieren bekanntlich nicht oft zeigt. Traditionell laufen K\u00fcche und Service an Bord bei diesem Galadinner zur Hochform auf und pr\u00e4sentieren voller Stolz ihr K\u00f6nnen.<\/p>\n\n\n\n<h2 class=\"wp-block-heading\"><a name=\"captains-dinner-hintergrund\"><\/a>Was ist der Hintergrund des Captain\u2019s Dinner?<\/h2>\n\n\n\n<p>Die Tradition des Captain\u2019s Dinner stammt noch aus der Zeit, als Kreuzfahrten Luxusreisen waren, die sich nur die Reichen leisten konnten. Als besonderen Service bot man dann ausgew\u00e4hlten G\u00e4sten die Gelegenheit, den Kapit\u00e4n bei einem festlichen Essen kennenzulernen. Damals galt es als Privileg, wenn man zum Kapit\u00e4nsdinner eingeladen wurde. Das absolute Highlight, das den Neid der Mitreisenden auf sich zog, war, direkt am Tisch des Kapit\u00e4ns sitzen zu d\u00fcrfen.<\/p>\n\n\n\n<h2 class=\"wp-block-heading\"><a name=\"captains-dinner-ablauf\"><\/a>Wie l\u00e4uft ein Captain\u2019s Dinner ab?<\/h2>\n\n\n\n<p>Einen einheitlichen Ablaufplan gibt es nicht. In der Regel beginnt der Abend aber mit einem Sektempfang, bei dem der Kapit\u00e4n eine kurze Ansprache h\u00e4lt. Von ihm erfahrt ihr dann so interessante Dinge, wie zum Beispiel wie viele Seemeilen ihr w\u00e4hrend eurer Reise zur\u00fcckgelegt oder welche L\u00e4ngen- und Breitengrade ihr \u00fcberquert habt. Nach dem Empfang geht es dann ins Restaurant zum Essen. Das besteht meistens aus f\u00fcnf bis sieben G\u00e4ngen und wartet mit erlesenen Zutaten auf. Auf dem Traumschiff erfolgt zum Ende des Essens dann die Parade der K\u00f6che und Kellner mit Eisbombe und Wunderkerzen. Das ist nicht immer der Fall. Oftmals gibt es nach dem Kapit\u00e4nsdinner noch eine besondere Show f\u00fcr die G\u00e4ste des Abends. Jede Reederei handhabt das anders und es gibt auch Kreuzfahrten, bei denen es gar kein Captain\u2019s Dinner gibt.<\/p>\n\n\n\n<p>Jetzt die besten <a href=\"https:\/\/www.sonnenklar.tv\/kreuzfahrten.html\">Angebote f\u00fcr Kreuzfahrten<\/a> entdecken und unkompliziert die n\u00e4chste Schiffsreise buchen!\u00a0<\/p>\n\n\n\n<figure class=\"wp-block-image alignnone wp-image-8140 size-full\"><img decoding=\"async\" src=\"https:\/\/www.sonnenklar.tv\/blog\/wp-content\/uploads\/2022\/05\/Captains-Dinner.jpg\" alt=\"Captain`s Dinner\" class=\"wp-image-8140\"\/><figcaption class=\"wp-element-caption\">Reichliche Kost beim Captain`s Dinner<\/figcaption><\/figure>\n\n\n\n<h2 class=\"wp-block-heading\"><a name=\"captains-dinner-kleidung\"><\/a>Wie kleidet man sich beim Captain\u2019s Dinner?<\/h2>\n\n\n\n<p>Beim Captain&#8217;s Dinner ist es \u00fcblich, sich in Abendgarderobe zu kleiden, wobei Herren in dunklen Anz\u00fcgen oder Smoking erscheinen und Damen elegante Abendkleider tragen.<\/p>\n\n\n\n<p>F\u00fcr Herren bedeutet dies in der Regel das Tragen eines dunklen Anzugs, der mit einem wei\u00dfen Hemd und einer passenden Krawatte kombiniert wird. Ein Smoking ist ebenfalls eine beliebte Wahl, vor allem f\u00fcr besondere Anl\u00e4sse wie das Captain&#8217;s Dinner. Die Auswahl der Accessoires sollte ebenfalls sorgf\u00e4ltig erfolgen, wobei eine dezente Krawattenklammer oder Manschettenkn\u00f6pfe den Look vervollst\u00e4ndigen k\u00f6nnen. Dazu empfehlen sich polierte Schuhe aus Leder oder Lederimitat, die zum Anzug oder Smoking passen.<\/p>\n\n\n\n<p>Damen haben beim Captain&#8217;s Dinner eine breitere Auswahl an Optionen. Ein klassisches langes Abendkleid in einer neutralen Farbe wie Schwarz, Navy oder Burgunderrot ist eine zeitlose Wahl, die Eleganz ausstrahlt. Alternativ k\u00f6nnen Damen auch zu einem Cocktailkleid greifen, das knielang oder etwas dar\u00fcber endet. Die Auswahl an Schmuck sollte dezent sein und den Look erg\u00e4nzen, ohne zu \u00fcbertreiben. Passende Absatzschuhe runden das Outfit zum Capain\u2019s Dinner ab.<\/p>\n\n\n\n<div class=\"wp-block-buttons is-horizontal is-content-justification-center is-layout-flex wp-container-core-buttons-is-layout-499968f5 wp-block-buttons-is-layout-flex\">\n<div class=\"wp-block-button\"><a class=\"wp-block-button__link wp-element-button\" href=\"https:\/\/www.sonnenklar.tv\/kreuzfahrten.html\" target=\"_blank\" rel=\"noreferrer noopener\">Kreuzfahrten &#8211; zu den angeboten<\/a><\/div>\n<\/div>\n\n\n\n<h3 class=\"wp-block-heading\">Mehr zum Thema Kreuzfahrt:<\/h3>\n\n\n\n<p><a href=\"https:\/\/www.sonnenklar.tv\/blog\/reiselexikon\/einschiffung-ausschiffung-bedeutung\/\">Einschiffung<\/a> \u00a0 \u00a0<a href=\"https:\/\/www.sonnenklar.tv\/blog\/reiselexikon\/schiffsmanifest-bedeutung\/\">Schiffsmanifest<\/a> \u00a0 \u00a0<a href=\"https:\/\/www.sonnenklar.tv\/blog\/reiselexikon\/tendern-bedeutung\/\">Tendern<\/a><\/p>\n\n\n\n<p><a href=\"https:\/\/www.sonnenklar.tv\/blog\/reiselexikon\/\">&lt;&lt; Zur\u00fcck zum Reiselexikon<\/a><\/p>\n","protected":false},"excerpt":{"rendered":"<p>F\u00fcr viele ist das Highlight einer Kreuzfahrt das Kapit\u00e4nsdinner. Es ist eine der wenigen Traditionen an Bord, die auf eine lange Geschichte zur\u00fcckblicken und auch heute noch zelebriert werden. Wenn ihr euch regelm\u00e4\u00dfig das Traumschiff anschaut, seht ihr am Ende jeder Folge, wie ein Kapit\u00e4nsdinner abl\u00e4uft. Inhaltsverzeichnis Was ist ein Captain\u2019s Dinner? Das Kapit\u00e4nsdinner ist<\/p>\n","protected":false},"author":3,"featured_media":0,"parent":6051,"menu_order":0,"comment_status":"closed","ping_status":"closed","template":"","meta":{"footnotes":""},"class_list":["post-19895","page","type-page","status-publish"],"_links":{"self":[{"href":"https:\/\/www.sonnenklar.tv\/blog\/wp-json\/wp\/v2\/pages\/19895","targetHints":{"allow":["GET"]}}],"collection":[{"href":"https:\/\/www.sonnenklar.tv\/blog\/wp-json\/wp\/v2\/pages"}],"about":[{"href":"https:\/\/www.sonnenklar.tv\/blog\/wp-json\/wp\/v2\/types\/page"}],"author":[{"embeddable":true,"href":"https:\/\/www.sonnenklar.tv\/blog\/wp-json\/wp\/v2\/users\/3"}],"replies":[{"embeddable":true,"href":"https:\/\/www.sonnenklar.tv\/blog\/wp-json\/wp\/v2\/comments?post=19895"}],"version-history":[{"count":13,"href":"https:\/\/www.sonnenklar.tv\/blog\/wp-json\/wp\/v2\/pages\/19895\/revisions"}],"predecessor-version":[{"id":37563,"href":"https:\/\/www.sonnenklar.tv\/blog\/wp-json\/wp\/v2\/pages\/19895\/revisions\/37563"}],"up":[{"embeddable":true,"href":"https:\/\/www.sonnenklar.tv\/blog\/wp-json\/wp\/v2\/pages\/6051"}],"wp:attachment":[{"href":"https:\/\/www.sonnenklar.tv\/blog\/wp-json\/wp\/v2\/media?parent=19895"}],"curies":[{"name":"wp","href":"https:\/\/api.w.org\/{rel}","templated":true}]}}