{"id":19850,"date":"2022-05-13T12:28:26","date_gmt":"2022-05-13T11:28:26","guid":{"rendered":"https:\/\/www.sonnenklar.tv\/blog\/?page_id=19850"},"modified":"2025-12-12T15:53:53","modified_gmt":"2025-12-12T14:53:53","slug":"ryokan-bedeutung","status":"publish","type":"page","link":"https:\/\/www.sonnenklar.tv\/blog\/reiselexikon\/ryokan-bedeutung\/","title":{"rendered":"Was versteht man unter einem Ryokan?"},"content":{"rendered":"\n<p><strong>Auf euren Reisen legt ihr Wert darauf, in kleinen charmanten Hotels zu \u00fcbernachten, in denen ihr im Idealfall auch noch Kontakt zu Einheimischen bekommt? Dann seid ihr in einem Ryokan genau richtig. Dahinter verbirgt sich die japanische Form einer Pension, die aber sehr viel mehr ist als einfach nur ein Gasthaus.<\/strong><\/p>\n\n\n\n<hr class=\"wp-block-separator has-css-opacity\"\/>\n\n\n\n<p><strong>Inhaltsverzeichnis<\/strong><\/p>\n\n\n\n<ul class=\"wp-block-list\">\n<li><a href=\"#ryokan-bedeutung\">Was bedeutet Ryokan?<\/a><\/li>\n\n\n\n<li><a href=\"#ryokan-besonderheiten\">Was macht einen Ryokan besonders?<\/a><\/li>\n\n\n\n<li><a href=\"#ryokan-unterschied-hotel\">Was ist der Unterschied zwischen einem Ryokan und einem Hotel?<\/a><\/li>\n\n\n\n<li><a href=\"#ryokan-vorteile\">Welche Vorteile bietet ein Ryokan?<\/a><\/li>\n\n\n\n<li><a href=\"#ryokan-eignung\">F\u00fcr wen ist ein Ryokan geeignet?<\/a><\/li>\n\n\n\n<li><a href=\"#ryokan-regeln\">Was muss man bei der \u00dcbernachtung in einem Ryokan beachten?<\/a><\/li>\n<\/ul>\n\n\n\n<hr class=\"wp-block-separator has-css-opacity\"\/>\n\n\n\n<h2 class=\"wp-block-heading\"><a name=\"ryokan-bedeutung\"><\/a>Was bedeutet Ryokan?<\/h2>\n\n\n\n<p>Das japanische Wort \u201eRyokan\u201c bedeutet w\u00f6rtlich \u00fcbersetzt \u201eReisegasthaus\u201c und bezeichnet eine charmante Pension in Japan. Diese Unterk\u00fcnfte zeichnen sich aus durch gediegenen Luxus und den traditionellen Omotenashi, einer besonderen Form japanischer Gastfreundschaft. Die ersten Ryokan gab es im 10. Jahrhundert und wurden als Herbergen f\u00fcr Pilger, Kaufleute und Wanderarbeiter eingerichtet. Von dieser urspr\u00fcnglichen, einfachen Form sind heutige Ryokan aber weit entfernt. Typisch f\u00fcr den Ryokan ist der Boden, der mit Tatami, also traditionellen Strohmatten ausgelegt ist. In der Regel findet ihr Ryokan eingebettet in malerische Landschaften au\u00dferhalb der gro\u00dfen St\u00e4dte. Ein Teil der Ryokanphilosophie verspricht euch Ruhe und Entspannung, und die findet ihr selten mitten in der Gro\u00dfstadt.<\/p>\n\n\n\n<h2 class=\"wp-block-heading\"><a name=\"ryokan-besonderheiten\"><\/a>Was macht einen Ryokan besonders?<\/h2>\n\n\n\n<p>Wie bereits erw\u00e4hnt, zeichnen sich Ryokan durch Omotenashi aus. Diese Form der Gastfreundschaft soll euch das Gef\u00fchl geben, willkommen zu sein und einfach nur zu genie\u00dfen. Die Ausstattung mag euch spartanisch vorkommen, denn oft gibt es nur d\u00fcnne Reispapierw\u00e4nde und Schiebet\u00fcren. Auf eurem Zimmer findet ihr einen Tatami-Futon und mit etwas Gl\u00fcck noch einen niedrigen Tisch mit Sitzkissen davor. Nach dem Check-in werdet ihr auf euer Zimmer gef\u00fchrt, wo ihr zur Begr\u00fc\u00dfung gr\u00fcnen Tee serviert bekommt und der Mitarbeiter euch die Besonderheiten des Hauses erkl\u00e4rt. Sehr viele Ryokan befinden sich direkt an einer hei\u00dfen Quelle, sodass ihr ein traditionelles Bad im hauseigenen Onsen genie\u00dfen k\u00f6nnt.<\/p>\n\n\n\n<h2 class=\"wp-block-heading\"><a name=\"ryokan-unterschied-hotel\"><\/a>Was ist der Unterschied zwischen einem Ryokan und einem Hotel?<\/h2>\n\n\n\n<p>Der Hauptunterschied ist der pers\u00f6nliche Service. Nat\u00fcrlich werdet ihr in vielen Hotels herzlich empfangen, aber die meisten sind dann doch an westliche Standards angepasst. In einem Ryokan steht der Gast und sein Wohlbefinden eindeutig im Vordergrund. Hier erlebt ihr echte japanische Tradition und gem\u00e4\u00df derer sind die in euren Augen einfache Einrichtung und der gepflegte Garten die h\u00f6chste Form des Luxus. Ihr gebt eure Stra\u00dfenschuhe an der Rezeption ab und wandelt auf Socken oder in speziellen Hausschuhen, gerne auch nur mit dem traditionellen Kimono bekleidet, durch das Haus. In keiner anderen Unterkunft k\u00f6nnt ihr so tief in die japanische Kultur eintauchen.<\/p>\n\n\n<div class=\"wp-block-image\">\n<figure class=\"aligncenter\"><a href=\"https:\/\/www.sonnenklar.tv\/blog\/wp-content\/uploads\/2023\/09\/ryokan-bedeutung.jpg\"><img fetchpriority=\"high\" decoding=\"async\" width=\"880\" height=\"450\" src=\"https:\/\/www.sonnenklar.tv\/blog\/wp-content\/uploads\/2023\/09\/ryokan-bedeutung.jpg\" alt=\"Traditioneller japanischer Ryokan\" class=\"wp-image-25274\" srcset=\"https:\/\/www.sonnenklar.tv\/blog\/wp-content\/uploads\/2023\/09\/ryokan-bedeutung.jpg 880w, https:\/\/www.sonnenklar.tv\/blog\/wp-content\/uploads\/2023\/09\/ryokan-bedeutung-300x153.jpg 300w, https:\/\/www.sonnenklar.tv\/blog\/wp-content\/uploads\/2023\/09\/ryokan-bedeutung-768x393.jpg 768w\" sizes=\"(max-width: 880px) 100vw, 880px\" \/><\/a><figcaption class=\"wp-element-caption\">In einem traditionellen Ryokan k\u00f6nnt ihr tief in die japanische Kultur eintauchen<\/figcaption><\/figure>\n<\/div>\n\n\n<h2 class=\"wp-block-heading\"><a name=\"ryokan-vorteile\"><\/a>Welche Vorteile bietet ein Ryokan?<\/h2>\n\n\n\n<p>Wenn ihr euch f\u00fcr die Kultur Japans interessiert, seid ihr also in einem Ryokan an der richtigen Stelle. Neben traditioneller Gastfreundschaft habt ihr die M\u00f6glichkeit auch die Gartenkultur zu entdecken, da jeder Ryokan einen Zen-Garten hat. Passend zum Konzept der Entspannung werdet ihr auf eurem Zimmer auch keinen Fernseher finden und WLAN ist auch nicht unbedingt garantiert. Ein Aufenthalt im Ryokan dient der Ruhe und Erholung und nichts soll euch davon ablenken. Wenn ihr euch darauf einlasst, werdet ihr einen echten Wellness-Urlaub im Ryokan verbringen und habt ganz nebenbei auch noch den Digital Detox-Effekt. Japaner lieben pure und klare Dinge, und deswegen ist f\u00fcr sie ein Aufenthalt im Ryokan die h\u00f6chste Form des Luxus.<\/p>\n\n\n\n<h2 class=\"wp-block-heading\"><a name=\"ryokan-eignung\"><\/a>F\u00fcr wen ist ein Ryokan geeignet?<\/h2>\n\n\n\n<p>Ein Aufenthalt im Ryokan ist f\u00fcr alle diejenigen ein ganz besonderes Erlebnis, die Land und Leute kennenlernen wollen und sich nach Ruhe sehnen. Die Mitarbeiter eines Ryokan sind darauf trainiert euch jeden Wunsch von den Augen abzulesen, am besten noch bevor ihr \u00fcberhaupt wisst, was denn dieser sein k\u00f6nnte. Hier k\u00f6nnt ihr euch fallen lassen und genie\u00dfen. Exzellente japanische K\u00fcche wird euch in den meisten Ryokan auch geboten, da der Gastgeber ja schlie\u00dflich sein Gesicht nicht verlieren will. Wenn euch die japanische Kultur fasziniert und ihr eure Reisen gerne individuell plant, seid ihr im Ryokan bestens aufgehoben.<\/p>\n\n\n\n<h2 class=\"wp-block-heading\"><a name=\"ryokan-regeln\"><\/a><strong>Was muss man bei der \u00dcbernachtung in einem Ryokan beachten?<\/strong><\/h2>\n\n\n\n<p>In Japan legt man Wert auf die Einhaltung der Regeln, die f\u00fcr uns Europ\u00e4er teilweise sehr streng wirken. Dazu geh\u00f6rt, dass ihr eure Stra\u00dfenschuhe beim Check-in \u201eabgebt\u201c und im Haus auf Socken lauft. Der Rollkoffer wird ins Zimmer getragen, nicht \u00fcber die empfindlichen Tatami-Matten gezogen. Nachdem ihr euer Zimmer erreicht habt, k\u00f6nnt ihr euch f\u00fcr den Rest des Aufenthalts mit dem Kimono bekleiden. Die linke Seite wird \u00fcber die rechte gelegt und darunter tragt ihr zumindest Unterw\u00e4sche. Verf\u00fcgt euer Ryokan \u00fcber einen Onsen, badet ihr nach Geschlechtern getrennt und duscht euch gr\u00fcndlich ab, bevor ihr das Bad betretet. Tattoos sind im Onsen eigentlich tabu, aber bei ausl\u00e4ndischen G\u00e4sten macht man da schon mal eine Ausnahme.<\/p>\n\n\n\n<div class=\"wp-block-buttons is-horizontal is-content-justification-center is-layout-flex wp-container-core-buttons-is-layout-499968f5 wp-block-buttons-is-layout-flex\">\n<div class=\"wp-block-button\"><a class=\"wp-block-button__link wp-element-button\" href=\"https:\/\/www.sonnenklar.tv\" target=\"_blank\" rel=\"noreferrer noopener\">zu den urlaubsangeboten<\/a><\/div>\n<\/div>\n\n\n\n<h3 class=\"wp-block-heading\">Mehr zum Thema Unterkunft:<\/h3>\n\n\n\n<p><a href=\"https:\/\/www.sonnenklar.tv\/blog\/reiselexikon\/was-bedeuten-hotelsterne\/\">Hotelsterne<\/a>\u00a0 \u00a0 <a href=\"https:\/\/www.sonnenklar.tv\/blog\/reiselexikon\/hotel-abkuerzungen-bedeutung\/\">Hotelabk\u00fcrzungen<\/a>\u00a0\u00a0\u00a0\u00a0<a href=\"https:\/\/www.sonnenklar.tv\/blog\/reiselexikon\/bed-and-breakfast-bedeutung\/\">Bed &amp; Breakfast<\/a>\u00a0 \u00a0 <a href=\"https:\/\/www.sonnenklar.tv\/blog\/reiselexikon\/bungalow-bedeutung\/\">Bungalow<\/a>\u00a0 \u00a0 <a href=\"https:\/\/www.sonnenklar.tv\/blog\/reiselexikon\/finca-bedeutung\/\">Finca<\/a>\u00a0 \u00a0 <a href=\"https:\/\/www.sonnenklar.tv\/blog\/reiselexikon\/chalet-bedeutung\/\">Chalet<\/a>\u00a0 \u00a0\u00a0<a href=\"https:\/\/www.sonnenklar.tv\/blog\/reiselexikon\/riad-bedeutung\/\">Riad<\/a>\u00a0 \u00a0 <a href=\"https:\/\/www.sonnenklar.tv\/blog\/reiselexikon\/hostel-bedeutung\/\">Hostel<\/a>\u00a0 \u00a0 <a href=\"https:\/\/www.sonnenklar.tv\/blog\/reiselexikon\/erwachsenenhotel-bedeutung\/\">Erwachsenenhotel<\/a>\u00a0 \u00a0 <a href=\"https:\/\/www.sonnenklar.tv\/blog\/reiselexikon\/aparthotel-bedeutung\/\">Aparthotel<\/a>\u00a0 \u00a0 <a href=\"https:\/\/www.sonnenklar.tv\/blog\/reiselexikon\/vital-hotel-bedeutung\/\">Vital Hotel<\/a>\u00a0 \u00a0\u00a0<a href=\"https:\/\/www.sonnenklar.tv\/blog\/reiselexikon\/glueckshotel-bedeutung\/\">Gl\u00fcckshotel<\/a>\u00a0 \u00a0 <a href=\"https:\/\/www.sonnenklar.tv\/blog\/reiselexikon\/resort-bedeutung\/\">Resort<\/a>\u00a0 \u00a0 <a href=\"https:\/\/www.sonnenklar.tv\/blog\/reiselexikon\/mobilheim-bedeutung\/\">Mobilheim<\/a>\u00a0 \u00a0 <a href=\"https:\/\/www.sonnenklar.tv\/blog\/reiselexikon\/pension-hotel-bedeutung\/\">Pension<\/a>\u00a0 \u00a0 <a href=\"https:\/\/www.sonnenklar.tv\/blog\/reiselexikon\/hotel-garni-bedeutung\/\">Hotel Garni<\/a>\u00a0 \u00a0\u00a0<a href=\"https:\/\/www.sonnenklar.tv\/blog\/reiselexikon\/doppelzimmer-bedeutung\/\">Doppelzimmer<\/a>\u00a0 \u00a0\u00a0<a href=\"https:\/\/www.sonnenklar.tv\/blog\/reiselexikon\/familienzimmer-bedeutung\/\">Familienzimmer<\/a>\u00a0 \u00a0 <a href=\"https:\/\/www.sonnenklar.tv\/blog\/reiselexikon\/sparzimmer-bedeutung\/\">Sparzimmer<\/a>\u00a0 \u00a0 <a href=\"https:\/\/www.sonnenklar.tv\/blog\/reiselexikon\/boutique-hotel-bedeutung\/\">Boutique Hotel<\/a>\u00a0\u00a0\u00a0 <a href=\"https:\/\/www.sonnenklar.tv\/blog\/reiselexikon\/suite-bedeutung\/\">Suite<\/a>\u00a0 \u00a0 <a href=\"https:\/\/www.sonnenklar.tv\/blog\/reiselexikon\/studio-apartment-bedeutung\/\">Studio Apartment<\/a> \u00a0 \u00a0 <a href=\"https:\/\/www.sonnenklar.tv\/blog\/reiselexikon\/kabine-bedeutung\/\">Kabine<\/a>\u00a0 \u00a0 <a href=\"https:\/\/www.sonnenklar.tv\/blog\/reiselexikon\/superiorzimmer-bedeutung\/\">Superiorzimmer<\/a>\u00a0 \u00a0 <a href=\"https:\/\/www.sonnenklar.tv\/blog\/boardinghouse-bedeutung\/\">Boardinghouse<\/a>\u00a0 \u00a0 <a href=\"https:\/\/www.sonnenklar.tv\/blog\/reiselexikon\/biohotel-bedeutung\/\">Biohotel<\/a><\/p>\n\n\n\n<p><a href=\"https:\/\/www.sonnenklar.tv\/blog\/reiselexikon\/\">&lt;&lt; Zur\u00fcck zum Reiselexikon<\/a><\/p>\n","protected":false},"excerpt":{"rendered":"<p>Auf euren Reisen legt ihr Wert darauf, in kleinen charmanten Hotels zu \u00fcbernachten, in denen ihr im Idealfall auch noch Kontakt zu Einheimischen bekommt? Dann seid ihr in einem Ryokan genau richtig. Dahinter verbirgt sich die japanische Form einer Pension, die aber sehr viel mehr ist als einfach nur ein Gasthaus. Inhaltsverzeichnis Was bedeutet Ryokan?<\/p>\n","protected":false},"author":3,"featured_media":0,"parent":6051,"menu_order":0,"comment_status":"closed","ping_status":"closed","template":"","meta":{"footnotes":""},"class_list":["post-19850","page","type-page","status-publish"],"_links":{"self":[{"href":"https:\/\/www.sonnenklar.tv\/blog\/wp-json\/wp\/v2\/pages\/19850","targetHints":{"allow":["GET"]}}],"collection":[{"href":"https:\/\/www.sonnenklar.tv\/blog\/wp-json\/wp\/v2\/pages"}],"about":[{"href":"https:\/\/www.sonnenklar.tv\/blog\/wp-json\/wp\/v2\/types\/page"}],"author":[{"embeddable":true,"href":"https:\/\/www.sonnenklar.tv\/blog\/wp-json\/wp\/v2\/users\/3"}],"replies":[{"embeddable":true,"href":"https:\/\/www.sonnenklar.tv\/blog\/wp-json\/wp\/v2\/comments?post=19850"}],"version-history":[{"count":10,"href":"https:\/\/www.sonnenklar.tv\/blog\/wp-json\/wp\/v2\/pages\/19850\/revisions"}],"predecessor-version":[{"id":37598,"href":"https:\/\/www.sonnenklar.tv\/blog\/wp-json\/wp\/v2\/pages\/19850\/revisions\/37598"}],"up":[{"embeddable":true,"href":"https:\/\/www.sonnenklar.tv\/blog\/wp-json\/wp\/v2\/pages\/6051"}],"wp:attachment":[{"href":"https:\/\/www.sonnenklar.tv\/blog\/wp-json\/wp\/v2\/media?parent=19850"}],"curies":[{"name":"wp","href":"https:\/\/api.w.org\/{rel}","templated":true}]}}