{"id":19345,"date":"2022-04-01T12:53:09","date_gmt":"2022-04-01T11:53:09","guid":{"rendered":"https:\/\/www.sonnenklar.tv\/blog\/?page_id=19345"},"modified":"2025-12-12T16:08:28","modified_gmt":"2025-12-12T15:08:28","slug":"boardinghouse-bedeutung","status":"publish","type":"page","link":"https:\/\/www.sonnenklar.tv\/blog\/reiselexikon\/boardinghouse-bedeutung\/","title":{"rendered":"Was versteht man unter einem Boardinghouse?"},"content":{"rendered":"\n<p><strong>Bei der Suche nach der passenden Unterkunft f\u00fcr euren Urlaub seid ihr vielleicht schon mal \u00fcber den Begriff Boardinghouse gesto\u00dfen. Diese \u00dcbernachtungsm\u00f6glichkeit nennt sich auch Serviced Apartment. Was sich genau dahinter verbirgt, wollen wir euch heute erkl\u00e4ren. Der Deutsche Hotel- und Gastst\u00e4ttenverband definiert ein Boardinghouse als \u201eBeherbergungsbetrieb, der sich meist an Langzeitnutzer in st\u00e4dtischer Umgebung wendet\u201c. Somit ist das f\u00fcr all diejenigen unter euch interessant, die einen l\u00e4ngeren Aufenthalt in einer anderen Stadt planen.<br>\n<\/strong><\/p>\n\n\n\n<hr class=\"wp-block-separator has-css-opacity\"\/>\n\n\n\n<p><strong>Inhaltsverzeichnis<\/strong><\/p>\n\n\n\n<ul class=\"wp-block-list\">\n<li><a href=\"#boardinghouse-bedeutung\">Was ist ein Boardinghouse?<\/a><\/li>\n\n\n\n<li><a href=\"#boardinghouse-buchung\">Wie funktioniert die Buchung eines Boardinghouses?<\/a><\/li>\n\n\n\n<li><a href=\"#boardinghouse-hotel\">Was ist der Unterschied zwischen Boardinghouse und Hotel?<\/a><\/li>\n\n\n\n<li><a href=\"#boardinghouse-ferienwohnung\">Was ist der Unterschied zwischen Boardinghouse und privaten Unterk\u00fcnften\/Ferienwohnungen?<\/a><\/li>\n\n\n\n<li><a href=\"#boardinghouse-vorteile\">Welche Vorteile\/Nachteile hat ein Boardinghouse?<\/a><\/li>\n\n\n\n<li><a href=\"#boardinghouse-eignung\">F\u00fcr wen ist ein Boardinghouse geeignet?<\/a><\/li>\n<\/ul>\n\n\n\n<hr class=\"wp-block-separator has-css-opacity\"\/>\n\n\n\n<h2 class=\"wp-block-heading\"><a name=\"boardinghouse-bedeutung\"><\/a>Was ist ein Boardinghouse?<\/h2>\n\n\n\n<p>Im Prinzip ist ein Boardinghouse ein Appartementhotel, nur mit weniger Serviceleistungen. Die Einrichtung der Wohnungen orientiert sich an Privatwohnungen und somit sind diese Unterk\u00fcnfte meist sehr ger\u00e4umig und bieten euch auch eine K\u00fcchenzeile oder komplette K\u00fcche, die voll ausgestattet ist. Ein Boardinghouse soll f\u00fcr euch also das \u201eHome away from Home\u201c sein. In der Regel sind Boardinghouses darauf ausgerichtet, G\u00e4ste zu empfangen, die l\u00e4nger als nur ein Wochenende in einer Stadt bleiben.<\/p>\n\n\n\n<h2 class=\"wp-block-heading\"><a name=\"boardinghouse-buchung\"><\/a>Wie funktioniert die Buchung eines Boardinghouses?<\/h2>\n\n\n\n<p>Die Buchung erfolgt wie bei einem Hotel. Manche Hotelkonzerne haben eigene Marken mit Boardingh\u00e4usern aufgebaut, die ihr auch bei Reiseveranstaltern buchen k\u00f6nnt. Vor allem bei kleineren Anbietern, die nur ein Boardinghouse im Portfolio haben, m\u00fcsst ihr aber damit rechnen, dass es einen Mindestaufenthalt gibt. Daf\u00fcr ist das Boardinghouse im Vergleich zum Hotel meist g\u00fcnstiger. Das bringt uns zur n\u00e4chsten Frage.<\/p>\n\n\n\n<h2 class=\"wp-block-heading\"><a name=\"boardinghouse-hotel\"><\/a>Was ist der Unterschied zwischen Boardinghouse und Hotel?<\/h2>\n\n\n\n<p>Viele Boardingh\u00e4user haben keine Rezeption und bieten nur eingeschr\u00e4nkte Serviceleistungen an. W\u00e4hrend ihr also im Hotel davon ausgehen k\u00f6nnt, dass euer Zimmer jeden Tag gereinigt wird, kann es sein, dass im Boardinghouse nur einmal die Woche sauber gemacht wird und das dann oftmals sogar nur, wenn ihr f\u00fcr diesen Service zahlt. In der Regel erhaltet ihr im Boardinghouse ein komplett ausgestattetes Appartement und wenn weitere Serviceleistungen angeboten werden, dann nur gegen Aufpreis.<\/p>\n\n\n\n<h2 class=\"wp-block-heading\"><a name=\"boardinghouse-ferienwohnung\"><\/a>Was ist der Unterschied zwischen Boardinghouse und privaten Unterk\u00fcnften\/Ferienwohnungen?<\/h2>\n\n\n\n<p>Private Unterk\u00fcnfte und Ferienwohnungen sind meist einzelne Appartements, die sich in Wohnh\u00e4usern befinden. Das kann die Einliegerwohnung im Haus des Vermieters sein oder aber die private Ferienwohnung von Leuten, die sich mit der Vermietung die laufenden Kosten verringern wollen. Ein Boardinghouse ist ein komplettes Haus, in dem sich nur Wohnungen auf Zeit befinden. In einer privaten Ferienwohnung wird euch in der Regel kein zus\u00e4tzlicher Service wie Reinigung angeboten. Dort seid ihr daf\u00fcr verantwortlich, vor der Abreise die Wohnung wieder sauber zu machen.<\/p>\n\n\n\n<p><a href=\"https:\/\/www.sonnenklar.tv\/promo\/last-minute-ferienwohnung.html\">Jetzt die besten Ferienwohnungen finden und Last Minute Schn\u00e4ppchen buchen.<\/a><\/p>\n\n\n\n<figure class=\"wp-block-image alignnone wp-image-6894 size-full\"><img decoding=\"async\" src=\"https:\/\/www.sonnenklar.tv\/blog\/wp-content\/uploads\/2022\/04\/boardinghouse-bedeutung.jpg\" alt=\"Boardinghouse Bedeutung\" class=\"wp-image-6894\"\/><figcaption class=\"wp-element-caption\">Ein Boardinghouse ist eine Art Wohnung auf Zeit<\/figcaption><\/figure>\n\n\n\n<h2 class=\"wp-block-heading\"><a name=\"boardinghouse-vorteile\"><\/a>Welche Vorteile\/Nachteile hat ein Boardinghouse?<\/h2>\n\n\n\n<p><strong>Vorteil:<\/strong> Ihr genie\u00dft die Privatsph\u00e4re einer eigenen Wohnung und habt mehr Platz als in einem Hotelzimmer. Auch eure Essenszeiten m\u00fcsst ihr nicht nach irgendwelchen Vorgaben einhalten, sondern k\u00f6nnt euren Tag ganz nach eurem Rhythmus gestalten.<\/p>\n\n\n\n<p><strong>Nachteil:<\/strong> Ihr m\u00fcsst auf den Komfort eines Hotels verzichten. Wie auch zu Hause seid ihr diejenigen, die den M\u00fcll wegbringen und saubermachen. Wenn der K\u00fchlschrank leer ist, sucht ihr nach dem n\u00e4chsten Supermarkt, um ihn aufzuf\u00fcllen und entweder kocht ihr euer Essen selbst, oder begebt euch auf die Suche nach einem Restaurant in der N\u00e4he.<\/p>\n\n\n\n<h2 class=\"wp-block-heading\"><a name=\"boardinghouse-eignung\"><\/a>F\u00fcr wen ist ein Boardinghouse geeignet?<\/h2>\n\n\n\n<p>Urspr\u00fcnglich wurden Boardinghouses eingerichtet, um Gesch\u00e4ftsreisenden, die f\u00fcr l\u00e4ngere Zeit in eine Stadt kommen, eine g\u00fcnstige Alternative zum Hotel zu bieten. In Zeiten, in denen es aber vielen von uns m\u00f6glich ist, von zu Hause zu arbeiten, kann es vielleicht interessant f\u00fcr euch sein, einmal als digitaler Nomade f\u00fcr eine l\u00e4ngere Zeit den Standort zu wechseln und eine neue Stadt intensiv kennenzulernen. Das gibt euch die M\u00f6glichkeit Neues zu sehen, ohne in eurer Firma um Urlaub zu beantragen. Auch f\u00fcr Familien mit Kindern eignet sich das Boardinghouse.<\/p>\n\n\n\n<div class=\"wp-block-buttons is-horizontal is-content-justification-center is-layout-flex wp-container-core-buttons-is-layout-499968f5 wp-block-buttons-is-layout-flex\">\n<div class=\"wp-block-button\"><a class=\"wp-block-button__link wp-element-button\" href=\"https:\/\/www.sonnenklar.tv\" target=\"_blank\" rel=\"noreferrer noopener\">zu den Urlaubsangeboten<\/a><\/div>\n<\/div>\n\n\n\n<h3 class=\"wp-block-heading\">Mehr zum Thema Unterkunft:<\/h3>\n\n\n\n<p><a href=\"https:\/\/www.sonnenklar.tv\/blog\/reiselexikon\/was-bedeuten-hotelsterne\/\">Hotelsterne<\/a>\u00a0 \u00a0 <a href=\"https:\/\/www.sonnenklar.tv\/blog\/reiselexikon\/hotel-abkuerzungen-bedeutung\/\">Hotelabk\u00fcrzungen<\/a>\u00a0\u00a0\u00a0\u00a0<a href=\"https:\/\/www.sonnenklar.tv\/blog\/reiselexikon\/bed-and-breakfast-bedeutung\/\">Bed &amp; Breakfast<\/a>\u00a0 \u00a0 <a href=\"https:\/\/www.sonnenklar.tv\/blog\/reiselexikon\/bungalow-bedeutung\/\">Bungalow<\/a>\u00a0 \u00a0 <a href=\"https:\/\/www.sonnenklar.tv\/blog\/reiselexikon\/finca-bedeutung\/\">Finca<\/a>\u00a0 \u00a0 <a href=\"https:\/\/www.sonnenklar.tv\/blog\/reiselexikon\/chalet-bedeutung\/\">Chalet<\/a>\u00a0 \u00a0\u00a0<a href=\"https:\/\/www.sonnenklar.tv\/blog\/reiselexikon\/riad-bedeutung\/\">Riad<\/a>\u00a0 \u00a0 <a href=\"https:\/\/www.sonnenklar.tv\/blog\/reiselexikon\/hostel-bedeutung\/\">Hostel<\/a>\u00a0 \u00a0 <a href=\"https:\/\/www.sonnenklar.tv\/blog\/reiselexikon\/erwachsenenhotel-bedeutung\/\">Erwachsenenhotel<\/a>\u00a0 \u00a0 <a href=\"https:\/\/www.sonnenklar.tv\/blog\/reiselexikon\/aparthotel-bedeutung\/\">Aparthotel<\/a>\u00a0 \u00a0 <a href=\"https:\/\/www.sonnenklar.tv\/blog\/reiselexikon\/vital-hotel-bedeutung\/\">Vital Hotel<\/a>\u00a0 \u00a0\u00a0<a href=\"https:\/\/www.sonnenklar.tv\/blog\/reiselexikon\/glueckshotel-bedeutung\/\">Gl\u00fcckshotel<\/a>\u00a0 \u00a0 <a href=\"https:\/\/www.sonnenklar.tv\/blog\/reiselexikon\/resort-bedeutung\/\">Resort<\/a>\u00a0 \u00a0 <a href=\"https:\/\/www.sonnenklar.tv\/blog\/reiselexikon\/mobilheim-bedeutung\/\">Mobilheim<\/a>\u00a0 \u00a0 <a href=\"https:\/\/www.sonnenklar.tv\/blog\/reiselexikon\/pension-hotel-bedeutung\/\">Pension<\/a>\u00a0 \u00a0 <a href=\"https:\/\/www.sonnenklar.tv\/blog\/reiselexikon\/hotel-garni-bedeutung\/\">Hotel Garni<\/a>\u00a0 \u00a0\u00a0<a href=\"https:\/\/www.sonnenklar.tv\/blog\/reiselexikon\/doppelzimmer-bedeutung\/\">Doppelzimmer<\/a>\u00a0 \u00a0\u00a0<a href=\"https:\/\/www.sonnenklar.tv\/blog\/reiselexikon\/familienzimmer-bedeutung\/\">Familienzimmer<\/a>\u00a0 \u00a0 <a href=\"https:\/\/www.sonnenklar.tv\/blog\/reiselexikon\/sparzimmer-bedeutung\/\">Sparzimmer<\/a>\u00a0 \u00a0 <a href=\"https:\/\/www.sonnenklar.tv\/blog\/reiselexikon\/boutique-hotel-bedeutung\/\">Boutique Hotel<\/a>\u00a0\u00a0\u00a0 <a href=\"https:\/\/www.sonnenklar.tv\/blog\/reiselexikon\/suite-bedeutung\/\">Suite<\/a>\u00a0 \u00a0 <a href=\"https:\/\/www.sonnenklar.tv\/blog\/reiselexikon\/studio-apartment-bedeutung\/\">Studio Apartment<\/a> \u00a0 \u00a0 <a href=\"https:\/\/www.sonnenklar.tv\/blog\/reiselexikon\/kabine-bedeutung\/\">Kabine<\/a>\u00a0 \u00a0 <a href=\"https:\/\/www.sonnenklar.tv\/blog\/reiselexikon\/superiorzimmer-bedeutung\/\">Superiorzimmer<\/a>\u00a0 \u00a0 <a href=\"https:\/\/www.sonnenklar.tv\/blog\/reiselexikon\/biohotel-bedeutung\/\">Biohotel<\/a>\u00a0 \u00a0 <a href=\"https:\/\/www.sonnenklar.tv\/blog\/reiselexikon\/ryokan-bedeutung\/\">Ryokan<\/a><\/p>\n\n\n\n<p><a href=\"https:\/\/www.sonnenklar.tv\/blog\/reiselexikon\/\">&lt;&lt; Zur\u00fcck zum Reiselexikon<\/a><\/p>\n","protected":false},"excerpt":{"rendered":"<p>Bei der Suche nach der passenden Unterkunft f\u00fcr euren Urlaub seid ihr vielleicht schon mal \u00fcber den Begriff Boardinghouse gesto\u00dfen. Diese \u00dcbernachtungsm\u00f6glichkeit nennt sich auch Serviced Apartment. Was sich genau dahinter verbirgt, wollen wir euch heute erkl\u00e4ren. Der Deutsche Hotel- und Gastst\u00e4ttenverband definiert ein Boardinghouse als \u201eBeherbergungsbetrieb, der sich meist an Langzeitnutzer in st\u00e4dtischer Umgebung<\/p>\n","protected":false},"author":3,"featured_media":0,"parent":6051,"menu_order":0,"comment_status":"closed","ping_status":"closed","template":"","meta":{"footnotes":""},"class_list":["post-19345","page","type-page","status-publish"],"_links":{"self":[{"href":"https:\/\/www.sonnenklar.tv\/blog\/wp-json\/wp\/v2\/pages\/19345","targetHints":{"allow":["GET"]}}],"collection":[{"href":"https:\/\/www.sonnenklar.tv\/blog\/wp-json\/wp\/v2\/pages"}],"about":[{"href":"https:\/\/www.sonnenklar.tv\/blog\/wp-json\/wp\/v2\/types\/page"}],"author":[{"embeddable":true,"href":"https:\/\/www.sonnenklar.tv\/blog\/wp-json\/wp\/v2\/users\/3"}],"replies":[{"embeddable":true,"href":"https:\/\/www.sonnenklar.tv\/blog\/wp-json\/wp\/v2\/comments?post=19345"}],"version-history":[{"count":9,"href":"https:\/\/www.sonnenklar.tv\/blog\/wp-json\/wp\/v2\/pages\/19345\/revisions"}],"predecessor-version":[{"id":37621,"href":"https:\/\/www.sonnenklar.tv\/blog\/wp-json\/wp\/v2\/pages\/19345\/revisions\/37621"}],"up":[{"embeddable":true,"href":"https:\/\/www.sonnenklar.tv\/blog\/wp-json\/wp\/v2\/pages\/6051"}],"wp:attachment":[{"href":"https:\/\/www.sonnenklar.tv\/blog\/wp-json\/wp\/v2\/media?parent=19345"}],"curies":[{"name":"wp","href":"https:\/\/api.w.org\/{rel}","templated":true}]}}