{"id":19194,"date":"2022-03-16T15:01:15","date_gmt":"2022-03-16T14:01:15","guid":{"rendered":"https:\/\/www.sonnenklar.tv\/blog\/?page_id=19194"},"modified":"2025-12-12T15:47:03","modified_gmt":"2025-12-12T14:47:03","slug":"kreuzfahrt-bedeutung","status":"publish","type":"page","link":"https:\/\/www.sonnenklar.tv\/blog\/reiselexikon\/kreuzfahrt-bedeutung\/","title":{"rendered":"Was versteht man unter einer Kreuzfahrt?"},"content":{"rendered":"\n<p><strong>Ihr liebt das Wasser und wollt euch in eurem Urlaub um nichts k\u00fcmmern m\u00fcssen? Dann solltet ihr mal dar\u00fcber nachdenken, ob ihr eure n\u00e4chste Reise nicht an Bord eines Schiffes verbringen wollt. Ganz egal, ob ihr auf einem Fluss von Stadt zu Stadt reist oder doch lieber auf hoher See die K\u00fcsten der Welt erkundet \u2013 eine Kreuzfahrt bietet euch vielf\u00e4ltige M\u00f6glichkeiten f\u00fcr einen unvergleichlichen Urlaub!<\/strong><\/p>\n\n\n\n<hr class=\"wp-block-separator has-css-opacity\"\/>\n\n\n\n<p><strong>Inhaltsverzeichnis<\/strong><\/p>\n\n\n\n<ul class=\"wp-block-list\">\n<li><a href=\"#kreuzfahrt-bedeutung\">Was ist eine Kreuzfahrt?<\/a><\/li>\n\n\n\n<li><a href=\"#kreuzfahrt-inhalt\">Was beinhaltet eine Kreuzfahrt?<\/a><\/li>\n\n\n\n<li><a href=\"#kreuzfahrt-arten\">Welche Kreuzfahrtarten gibt es?<\/a><\/li>\n\n\n\n<li><a href=\"#kreuzfahrt-eignung\">F\u00fcr wen ist eine Kreuzfahrt geeignet?<\/a><\/li>\n\n\n\n<li><a href=\"#kreuzfahrt-tipps\">Was muss man bei einer Kreuzfahrt beachten?<\/a><\/li>\n\n\n\n<li><a href=\"#kreuzfahrt-routen\">Was sind die sch\u00f6nsten Routen?<\/a><\/li>\n<\/ul>\n\n\n\n<hr class=\"wp-block-separator has-css-opacity\"\/>\n\n\n\n<h2 class=\"wp-block-heading\"><a name=\"kreuzfahrt-bedeutung\"><\/a>Was ist eine Kreuzfahrt?<\/h2>\n\n\n\n<p>Das Wort Kreuzfahrt stammt vermutlich aus den Niederlanden. Dort nannte man im 17. Jahrhundert Schiffe, die hin- und herfahren \u201ekruiser\u201c. Im Prinzip ist eine Kreuzfahrt also eine Rundreise auf dem Wasser. Wie auf einem schwimmenden Hotel fahrt ihr von einem Hafen zum anderen. So gewinnt ihr, wie bei einer Rundreise viele unterschiedliche Eindr\u00fccke und m\u00fcsst nicht st\u00e4ndig eure Koffer packen und selbst von A nach B fahren. Je nach gebuchter Route seht ihr auf diese Weise faszinierende St\u00e4dte und beeindruckende Landschaften oder ihr entspannt in den Weiten des blauen Ozeans.<\/p>\n\n\n\n<h2 class=\"wp-block-heading\"><a name=\"kreuzfahrt-inhalt\"><\/a>Was beinhaltet eine Kreuzfahrt?<\/h2>\n\n\n\n<p>Zun\u00e4chst einmal beinhaltet eure Reise eine Kabine in der von euch gebuchten Kategorie. Dar\u00fcber hinaus ist ein All-Inclusive Paket f\u00fcr die Verpflegung eingeschlossen. In der Regel ist auch ein abwechslungsreiches Unterhaltungsangebot mit Animation, Shows und diversen Aktivit\u00e4ten inkludiert. Auf vielen Schiffen gibt es sogar eine Sauna mit Meerblick. Nicht inkludiert sind eure Shoppingtrips in die Bordboutique, wobei ihr hier, sobald das Schiff in internationalen Gew\u00e4ssern f\u00e4hrt, zuweilen echte Schn\u00e4ppchen machen k\u00f6nnt (Tax-free Shopping). Auch die Landausfl\u00fcge in den H\u00e4fen, die ihr an Bord bucht, sind nicht im Reisepreis inklusive. Manche Reedereien bieten euch aber inzwischen Ausflugspakete an.<\/p>\n\n\n\n<figure class=\"wp-block-image size-full\"><a href=\"https:\/\/www.sonnenklar.tv\/blog\/wp-content\/uploads\/2025\/03\/GettyImages-172873029_Kreuzfahrt.jpg\"><img fetchpriority=\"high\" decoding=\"async\" width=\"880\" height=\"452\" src=\"https:\/\/www.sonnenklar.tv\/blog\/wp-content\/uploads\/2025\/03\/GettyImages-172873029_Kreuzfahrt.jpg\" alt=\"Kreuzfahrt Bedeutung: Kreuzfahrtschiff in der Ferne an einem tropischen Strand\" class=\"wp-image-34777\" srcset=\"https:\/\/www.sonnenklar.tv\/blog\/wp-content\/uploads\/2025\/03\/GettyImages-172873029_Kreuzfahrt.jpg 880w, https:\/\/www.sonnenklar.tv\/blog\/wp-content\/uploads\/2025\/03\/GettyImages-172873029_Kreuzfahrt-800x411.jpg 800w, https:\/\/www.sonnenklar.tv\/blog\/wp-content\/uploads\/2025\/03\/GettyImages-172873029_Kreuzfahrt-18x9.jpg 18w, https:\/\/www.sonnenklar.tv\/blog\/wp-content\/uploads\/2025\/03\/GettyImages-172873029_Kreuzfahrt-120x62.jpg 120w, https:\/\/www.sonnenklar.tv\/blog\/wp-content\/uploads\/2025\/03\/GettyImages-172873029_Kreuzfahrt-90x46.jpg 90w, https:\/\/www.sonnenklar.tv\/blog\/wp-content\/uploads\/2025\/03\/GettyImages-172873029_Kreuzfahrt-320x164.jpg 320w, https:\/\/www.sonnenklar.tv\/blog\/wp-content\/uploads\/2025\/03\/GettyImages-172873029_Kreuzfahrt-560x288.jpg 560w\" sizes=\"(max-width: 880px) 100vw, 880px\" \/><\/a><figcaption class=\"wp-element-caption\">Was ist eine Kreuzfahrt?<\/figcaption><\/figure>\n\n\n\n<h2 class=\"wp-block-heading\"><a name=\"kreuzfahrt-arten\"><\/a>Welche Kreuzfahrtarten gibt es?<\/h2>\n\n\n\n<p>So einige! Unterteilt wird zun\u00e4chst in Hochseekreuzfahrt auf dem Meer und Flusskreuzfahrt auf diversen Fl\u00fcssen dieser Welt. Bei den Hochseekreuzfahrten habt ihr die Wahl zwischen Fun-Cruises auf Schiffen, die von der Gr\u00f6\u00dfe eine schwimmende Kleinstadt bilden, oder der \u201eklassischen\u201c Kreuzfahrt auf kleineren Schiffen mit einem etwas abgespeckten Unterhaltungsangebot. Viele Kreuzfahrer setzen auf Gem\u00fctlichkeit und reisen auf einem Segelschiff. Etwas ausgefallene W\u00fcnsche werden bei einer Expeditionskreuzfahrt auf speziell ausger\u00fcsteten Schiffen erf\u00fcllt. Manche Reedereien bieten auch Themenkreuzfahrten an. Das kann dann mal die fetzige Rock Cruise sein oder aber die beschwingte Schlagercruise. Auch f\u00fcr die Gourmets unter euch gibt es bestimmte Themenkreuzfahrten. F\u00fcr alle, die sich nicht sicher sind, ob eine Kreuzfahrt das Richtige ist, empfiehlt sich die Minicruise, die zwischen drei und f\u00fcnf Tagen dauert. F\u00fcr eine Weltreise m\u00fcsst ihr euch ein bisschen Zeit nehmen und das passende Reisebudget parat haben. Angeboten werden Weltreisen von mehreren Reedereien. Die Kreuzfahrt dauert dann zwischen 106 und 144 Tagen. Viel Zeit zum Erkunden, aber dank einiger Seetage auch viel Zeit zum Genie\u00dfen.<\/p>\n\n\n\n<h2 class=\"wp-block-heading\"><a name=\"kreuzfahrt-eignung\"><\/a>F\u00fcr wen ist eine Kreuzfahrt geeignet?<\/h2>\n\n\n\n<p>Die Kreuzfahrt eignet sich im Prinzip f\u00fcr jeden, der nicht seekrank wird. Die Seekrankheit ist eine Unterform der Reisekrankheit und entsteht dann, wenn euer Gleichgewichtssinn aus dem Takt ger\u00e4t. Das l\u00e4sst sich aber mit Tabletten oder Pflastern in den Griff kriegen. Die Seeb\u00e4ren unter euch haben, wie bei den Hotels an Land, die Wahl zwischen Familienkreuzfahrten und ruhigen Erholungskreuzfahrten, die sich eher an erwachsene Paare richten. Ihr solltet also bei der Wahl eurer Kreuzfahrt nicht nur auf die Route schauen, sondern euch auch \u00fcber das Schiff informieren, das die Route f\u00e4hrt. Dann steht einem Traumurlaub eigentlich nichts mehr im Wege.<\/p>\n\n\n\n<h2 class=\"wp-block-heading\"><a name=\"kreuzfahrt-tipps\"><\/a>Was muss man bei einer Kreuzfahrt beachten?<\/h2>\n\n\n\n<p>Das Wichtigste ist zun\u00e4chst einmal, dass ihr euch im Klaren dar\u00fcber seid, dass Schiffe immer p\u00fcnktlich ablegen. Sofern ihr nicht ein Pauschalpaket mit Flug und Transfer gebucht habt, solltet ihr darauf achten, dass ihr rechtzeitig zum Boarding am Schiff seid. Auch bei selbst organisierten Landausfl\u00fcgen lohnt ein Blick auf die Uhr. Euer Schiff wartet nicht auf euch. Beim Koffer packen solltet ihr daran denken, eine Jacke einzupacken. Auch im Hochsommer auf dem Mittelmeer kann es an Bord aufgrund des Fahrtwindes frisch werden. Denkt auch dran, dass auf dem Schiff nicht alles inklusive ist. Plant also noch etwas Budget f\u00fcr Souvenirs, spezielle Getr\u00e4nke oder Wellnessbehandlungen mit ein.<\/p>\n\n\n\n<h2 class=\"wp-block-heading\"><a name=\"kreuzfahrt-routen\"><\/a>Was sind die sch\u00f6nsten Routen?<\/h2>\n\n\n\n<p>Wenn ihr auf einem Fluss fahren wollt, empfiehlt sich die Donau, der Rhein, die Loire in Frankreich oder der <a href=\"https:\/\/www.sonnenklar.tv\/kreuzfahrten\/nilkreuzfahrt.html\">Nil in \u00c4gypten<\/a>. Entlang dieser Fl\u00fcsse warten traumhafte Landschaften und einzigartige Kulturdenkm\u00e4ler auf euch. Wenn es euch auf die Meere zieht, k\u00f6nnt ihr auf ruhigen Gew\u00e4ssern die faszinierenden St\u00e4dte in der Ostsee anschauen. Naturliebhaber werden begeistert sein von einer Kreuzfahrt durch Norwegens Fjorde oder entlang der K\u00fcste von Alaska. Im Mittelmeer warten neben schillernden Metropolen wundersch\u00f6ne Str\u00e4nde auf euch. Traumstr\u00e4nde bietet auch die Karibik. Etwas ganz Besonderes ist eine Kreuzfahrt zum Indian Summer im Nordosten der USA und Kanadas.<\/p>\n\n\n\n<p><a href=\"https:\/\/www.sonnenklar.tv\/kreuzfahrten.html\">Entdecke unsere Kreuzfahrtangebote und buche schnell und unkompliziert!<\/a><\/p>\n\n\n\n<h3 class=\"wp-block-heading\">Mehr zum Thema Reiseart:<\/h3>\n\n\n\n<p><a href=\"https:\/\/www.sonnenklar.tv\/blog\/reiselexikon\/backpacking-bedeutung\/\">Backpacking<\/a> \u00a0\u00a0 <a href=\"https:\/\/www.sonnenklar.tv\/blog\/reiselexikon\/cluburlaub-bedeutung\/\" target=\"_blank\" rel=\"noreferrer noopener\">Cluburlaub<\/a> \u00a0 \u00a0<a href=\"https:\/\/www.sonnenklar.tv\/blog\/reiselexikon\/glamping-bedeutung\/\">Glamping<\/a>\u00a0 \u00a0 <a href=\"https:\/\/www.sonnenklar.tv\/blog\/reiselexikon\/individualreise-bedeutung\/\">Individualreise<\/a>\u00a0 \u00a0 <a href=\"https:\/\/www.sonnenklar.tv\/blog\/reiselexikon\/inselhopping-bedeutung\/\">Inselhopping<\/a>\u00a0 \u00a0\u00a0<a href=\"https:\/\/www.sonnenklar.tv\/blog\/reiselexikon\/langzeiturlaub-bedeutung\/\">Langzeiturlaub<\/a>\u00a0 \u00a0 <a href=\"https:\/\/www.sonnenklar.tv\/blog\/reiselexikon\/last-minute-bedeutung\/\">Last Minute<\/a>\u00a0 \u00a0 <a href=\"https:\/\/www.sonnenklar.tv\/blog\/reiselexikon\/pauschalreise-bedeutung\/\">Pauschalreise<\/a>\u00a0 \u00a0 <a href=\"https:\/\/www.sonnenklar.tv\/blog\/reiselexikon\/was-ist-ein-roadtrip\/\">Roadtrip<\/a><\/p>\n\n\n\n<p><a href=\"https:\/\/www.sonnenklar.tv\/blog\/reiselexikon\/\">&lt;&lt; Zur\u00fcck zum Reiselexikon<\/a><\/p>\n","protected":false},"excerpt":{"rendered":"<p>Ihr liebt das Wasser und wollt euch in eurem Urlaub um nichts k\u00fcmmern m\u00fcssen? Dann solltet ihr mal dar\u00fcber nachdenken, ob ihr eure n\u00e4chste Reise nicht an Bord eines Schiffes verbringen wollt. Ganz egal, ob ihr auf einem Fluss von Stadt zu Stadt reist oder doch lieber auf hoher See die K\u00fcsten der Welt erkundet<\/p>\n","protected":false},"author":3,"featured_media":0,"parent":6051,"menu_order":0,"comment_status":"closed","ping_status":"closed","template":"","meta":{"footnotes":""},"class_list":["post-19194","page","type-page","status-publish"],"_links":{"self":[{"href":"https:\/\/www.sonnenklar.tv\/blog\/wp-json\/wp\/v2\/pages\/19194","targetHints":{"allow":["GET"]}}],"collection":[{"href":"https:\/\/www.sonnenklar.tv\/blog\/wp-json\/wp\/v2\/pages"}],"about":[{"href":"https:\/\/www.sonnenklar.tv\/blog\/wp-json\/wp\/v2\/types\/page"}],"author":[{"embeddable":true,"href":"https:\/\/www.sonnenklar.tv\/blog\/wp-json\/wp\/v2\/users\/3"}],"replies":[{"embeddable":true,"href":"https:\/\/www.sonnenklar.tv\/blog\/wp-json\/wp\/v2\/comments?post=19194"}],"version-history":[{"count":5,"href":"https:\/\/www.sonnenklar.tv\/blog\/wp-json\/wp\/v2\/pages\/19194\/revisions"}],"predecessor-version":[{"id":37587,"href":"https:\/\/www.sonnenklar.tv\/blog\/wp-json\/wp\/v2\/pages\/19194\/revisions\/37587"}],"up":[{"embeddable":true,"href":"https:\/\/www.sonnenklar.tv\/blog\/wp-json\/wp\/v2\/pages\/6051"}],"wp:attachment":[{"href":"https:\/\/www.sonnenklar.tv\/blog\/wp-json\/wp\/v2\/media?parent=19194"}],"curies":[{"name":"wp","href":"https:\/\/api.w.org\/{rel}","templated":true}]}}