{"id":19153,"date":"2022-03-15T15:58:55","date_gmt":"2022-03-15T14:58:55","guid":{"rendered":"https:\/\/www.sonnenklar.tv\/blog\/?page_id=19153"},"modified":"2025-12-12T15:51:57","modified_gmt":"2025-12-12T14:51:57","slug":"rail-and-fly-bedeutung","status":"publish","type":"page","link":"https:\/\/www.sonnenklar.tv\/blog\/reiselexikon\/rail-and-fly-bedeutung\/","title":{"rendered":"Was bedeutet Rail and Fly?"},"content":{"rendered":"\n<p><strong>Das von euch ausgesuchte Reiseziel ist weit weg und so m\u00fcsst ihr in einen Flieger steigen, um dort hinzukommen. Nun hat aber nicht jeder einen Flughafen vor der T\u00fcr und bei manchen Zielen m\u00fcsst ihr sogar etwas weiter fahren um am gew\u00fcnschten Termin den passenden Flug zu erreichen. Die hohen Spritpreise und Parkgeb\u00fchren am Flughafen belasten dann zus\u00e4tzlich noch das Reisebudget. Warum also nicht mit dem Zug zum Flug?<\/strong><\/p>\n\n\n\n<hr class=\"wp-block-separator has-css-opacity\"\/>\n\n\n\n<p><strong>Inhaltsverzeichnis<\/strong><\/p>\n\n\n\n<ul class=\"wp-block-list\">\n<li><a href=\"#rail-and-fly-bedeutung\">Was hei\u00dft Rail and Fly?<\/a><\/li>\n\n\n\n<li><a href=\"#rail-and-fly-funktion\">Wie funktioniert Rail and Fly?<\/a><\/li>\n\n\n\n<li><a href=\"#rail-and-fly-anbieter\">Wer bietet Rail and Fly an?<\/a><\/li>\n\n\n\n<li><a href=\"#rail-and-fly-gueltigkeit\">Wo ist ein Rail and Fly Ticket g\u00fcltig?<\/a><\/li>\n\n\n\n<li><a href=\"#rail-and-fly-vorteile\">Was sind die Vorteile von Rail and Fly?<\/a><\/li>\n\n\n\n<li><a href=\"#rail-and-fly-kosten\">Was kostet Rail and Fly?<\/a><\/li>\n<\/ul>\n\n\n\n<hr class=\"wp-block-separator has-css-opacity\"\/>\n\n\n\n<h2 class=\"wp-block-heading\"><a name=\"rail-and-fly-bedeutung\"><\/a>Was hei\u00dft Rail and Fly?<\/h2>\n\n\n\n<p>In unserer Zeit finden immer mehr englische Begriffe ihren Weg in unsere Sprache. Das hat den Vorteil, dass auch die Menschen im Ausland sofort verstehen, wovon wir sprechen, birgt aber den Nachteil, dass wir selbst erstmal nicht wissen, worum es geht. So ein Begriff ist Rail and Fly. Auf Deutsch hei\u00dft das dann \u201eZug zum Flug\u201c. Bei Buchung eines Pauschalreisepakets erhaltet ihr ein g\u00fcnstiges Ticket, mit dem ihr von eurem Heimatbahnhof zum Flughafen kommt, von dem euer Flieger in den Urlaub startet. Nach dem Urlaub reist ihr wieder entspannt mit der Bahn nach Hause.<\/p>\n\n\n\n<h2 class=\"wp-block-heading\"><a name=\"rail-and-fly-funktion\"><\/a>Wie funktioniert Rail and Fly?<\/h2>\n\n\n\n<p>Ganz einfach. Wenn ihr nur einen Flug bucht, m\u00fcsst ihr darauf achten, dass ihr euch eine Fluggesellschaft aussucht, die mit der Deutschen Bahn einen Vertrag geschlossen hat und euch direkt bei der Buchung fragt, ob ihr diesen Service haben wollt. Wichtig zu wissen ist, dass ihr das Rail and Fly Ticket wirklich nur in Verbindung mit einem internationalen Flug buchen k\u00f6nnt. Nachtr\u00e4glich buchen ist leider nicht m\u00f6glich. Auf eurem Flugticket befindet sich ein 13-stelliger PNR Code. Mit diesem k\u00f6nnt ihr ab 72 Stunden vor Abflug auf rail-checkin.com eure Zugverbindung ausw\u00e4hlen. Auf der Seite wird euch automatisch die beste Bahnverbindung zu eurem Flug angezeigt.<\/p>\n\n\n\n<h2 class=\"wp-block-heading\"><a name=\"rail-and-fly-anbieter\"><\/a>Wer bietet Rail and Fly an?<\/h2>\n\n\n\n<p>Das Zugticket zum Flug bieten euch alle Linienfluggesellschaften an, die einen Vertrag mit der Deutschen Bahn abgeschlossen haben. Ausgenommen sind aber oft innerdeutsche Flugverbindungen und Linienfl\u00fcge innerhalb Europas. Auch wenn ihr bei einem Reiseveranstalter eine Pauschalreise bucht, ist das Rail and Fly Ticket in den meisten F\u00e4llen in eurem Reisepreis inklusive. Sollte die von euch gebuchte Airline das Ticket nicht inkludieren und ihr eure Reise individuell planen, habt ihr immer noch die M\u00f6glichkeit, darauf zu setzen, dass ihr bei der Bahn ein Ticket zum Sparpreis buchen k\u00f6nnt. Stressfreier ist es nat\u00fcrlich, wenn ihr einen Flug oder eine Pauschalreise bucht, bei der das Ticket inkludiert ist.<\/p>\n\n\n\n<figure class=\"wp-block-image alignnone wp-image-7808 size-full\"><img decoding=\"async\" src=\"https:\/\/www.sonnenklar.tv\/blog\/wp-content\/uploads\/2022\/03\/rail-and-fly.jpg\" alt=\"Rail and Fly\" class=\"wp-image-7808\"\/><figcaption class=\"wp-element-caption\">Rail and Fly &#8211; Mit dem Zug zum Flug<\/figcaption><\/figure>\n\n\n\n<h2 class=\"wp-block-heading\"><a name=\"rail-and-fly-gueltigkeit\"><\/a>Wo ist ein Rail and Fly Ticket g\u00fcltig?<\/h2>\n\n\n\n<p>Da gibt es Unterschiede. Wenn ihr euren Flug direkt bei einer der Partnerairlines bucht, k\u00f6nnt ihr alle Z\u00fcge der Deutschen Bahn inklusive der grenznahen Bahnh\u00f6fe in Salzburg und Basel SBB nutzen. Auch in den ICEs gilt Rail and Fly in der zweiten Klasse. Ausgenommen sind Thalys, DB Autoz\u00fcge und Sonderz\u00fcge. F\u00fcr die ICE Sprinterz\u00fcge m\u00fcsst ihr dann noch eine kostenpflichtige Reservierung vornehmen. Auch bei Z\u00fcgen von privaten Anbietern wird euer Ticket nicht anerkannt. Wenn ihr eure Reise als Pauschalpaket bei einem Veranstalter bucht, d\u00fcrft ihr zus\u00e4tzlich auch von der DB betriebene Nahverkehrsz\u00fcge, also auch S-Bahnen, nutzen. Gerade in M\u00fcnchen, wo der Flughafen ja recht weit vom Bahnhof entfernt ist, kann euch das nochmal Geld sparen.<\/p>\n\n\n\n<h2 class=\"wp-block-heading\"><a name=\"rail-and-fly-vorteile\"><\/a>Was sind die Vorteile von Rail and Fly?<\/h2>\n\n\n\n<p>Die Vorteile liegen klar auf der Hand. Wenn ihr mit dem Zug zum Flughafen fahrt, m\u00fcsst ihr keine Angst haben, dass ihr wegen eines Dauerstaus auf der Autobahn den Flieger verpasst. Sobald ihr im Zug sitzt, k\u00f6nnt ihr euch entspannen und die Fahrt genie\u00dfen. Dadurch beginnt euer Urlaub schon an eurem Heimatort und bei der R\u00fcckkehr ist die Erholung auch nicht gleich wieder futsch. Ein weiterer Vorteil ist, dass ihr mit dem Zug-zum-Flug Ticket eure Reisekasse schont. Nat\u00fcrlich bekommt ihr das Bahnticket nicht geschenkt, aber die Fluggesellschaften und Reiseveranstalter erhalten g\u00fcnstige Konditionen. So ganz nebenbei schont ihr auch die Umwelt, wenn ihr mit dem Zug anreist.<\/p>\n\n\n\n<h2 class=\"wp-block-heading\"><a name=\"rail-and-fly-kosten\"><\/a>Was kostet Rail and Fly?<\/h2>\n\n\n\n<p>Bei der Buchung einer Pauschalreise \u00fcber einen Reiseveranstalter kostet euch das Ticket nichts, da es im Endpreis mit eingerechnet ist. Unter Umst\u00e4nden m\u00fcsst ihr noch die Sitzplatzreservierung f\u00fcr euren Zug zahlen. Das sind aber die sprichw\u00f6rtlichen Peanuts. Wenn ihr euren Flug direkt bei der Airline bucht, m\u00fcsst ihr zuweilen das Rail and Fly Ticket gegen eine geringe Geb\u00fchr zwischen 50 Euro und 100 Euro dazu buchen. Je nach Entfernung, die ihr zum Flughafen zur\u00fccklegen m\u00fcsst, rechnet sich das durchaus. \u00dcberlegt euch, wieviel das Benzin f\u00fcr die Fahrt und die Parkgeb\u00fchren am Flughafen kosten w\u00fcrden, und ihr werdet sehen, dass euch selbst dieser Aufpreis g\u00fcnstiger kommt.<\/p>\n\n\n\n<h3 class=\"wp-block-heading\">Weitere Reisebegriffe:<\/h3>\n\n\n\n<p><a href=\"https:\/\/www.sonnenklar.tv\/blog\/reiselexikon\/all-inclusive-bedeutung\/\">All Inclusive<\/a>\u00a0 \u00a0\u00a0<a href=\"https:\/\/www.sonnenklar.tv\/blog\/reiselexikon\/halbpension-bedeutung\/\">Halbpension<\/a>\u00a0 \u00a0\u00a0<a href=\"https:\/\/www.sonnenklar.tv\/blog\/reiselexikon\/vollpension-bedeutung\/\">Vollpension<\/a>\u00a0 \u00a0 <a href=\"https:\/\/www.sonnenklar.tv\/blog\/reiselexikon\/monsun-bedeutung\/\">Monsun<\/a>\u00a0 \u00a0\u00a0<a href=\"https:\/\/www.sonnenklar.tv\/blog\/reiselexikon\/schwanzflug-bedeutung\/\">Schwanzflug<\/a>\u00a0 \u00a0\u00a0<a href=\"https:\/\/www.sonnenklar.tv\/blog\/reiselexikon\/gabelflug-bedeutung\/\">Gabelflug<\/a>\u00a0 \u00a0\u00a0<a href=\"https:\/\/www.sonnenklar.tv\/blog\/reiselexikon\/glamping-bedeutung\/\">Glamping<\/a>\u00a0 \u00a0 <a href=\"https:\/\/www.sonnenklar.tv\/blog\/reiselexikon\/biohotel-bedeutung\/\">Bio Hotel<\/a>\u00a0 \u00a0\u00a0<a href=\"https:\/\/www.sonnenklar.tv\/blog\/reiselexikon\/hostel-bedeutung\/\">Hostel<\/a>\u00a0 \u00a0\u00a0<a href=\"https:\/\/www.sonnenklar.tv\/blog\/reiselexikon\/suite-bedeutung\/\">Suite<\/a>\u00a0 \u00a0 <a href=\"https:\/\/www.sonnenklar.tv\/blog\/reiselexikon\/superiorzimmer-bedeutung\/\">Superiorzimmer<\/a>\u00a0 \u00a0 \u00a0<a href=\"https:\/\/www.sonnenklar.tv\/blog\/reiselexikon\/hotel-garni-bedeutung\/\">Hotel Garni<\/a>\u00a0 \u00a0 <a href=\"https:\/\/www.sonnenklar.tv\/blog\/reiselexikon\/last-minute-bedeutung\/\">Last Minute<\/a>\u00a0 \u00a0\u00a0<a href=\"https:\/\/www.sonnenklar.tv\/blog\/reiselexikon\/pauschalreise-bedeutung\/\">Pauschalreise<\/a>\u00a0 \u00a0 <a href=\"https:\/\/www.sonnenklar.tv\/blog\/reiselexikon\/individualreise-bedeutung\/\">Individualreise<\/a> \u00a0 \u00a0 <a href=\"https:\/\/www.sonnenklar.tv\/blog\/reiselexikon\/langzeiturlaub-bedeutung\/\">Langzeiturlaub<\/a>\u00a0 \u00a0 <a href=\"https:\/\/www.sonnenklar.tv\/blog\/reiselexikon\/kreuzfahrt-bedeutung\/\">Kreuzfahrt<\/a> \u00a0\u00a0 <a href=\"https:\/\/www.sonnenklar.tv\/blog\/reiselexikon\/was-ist-ein-kurort\/\">Kurort<\/a>\u00a0 \u00a0\u00a0<a href=\"https:\/\/www.sonnenklar.tv\/blog\/reiselexikon\/einzelzimmerzuschlag-bedeutung\/\">Einzelzimmerzuschlag<\/a>\u00a0 \u00a0 <a href=\"https:\/\/www.sonnenklar.tv\/blog\/reiselexikon\/fremdwaehrungsgebuehren-bedeutung\/\">Fremdw\u00e4hrungsgeb\u00fchren<\/a>\u00a0 \u00a0 <a href=\"https:\/\/www.sonnenklar.tv\/blog\/reiselexikon\/fruehbucherrabatt-bedeutung\/\">Fr\u00fchbucherrabatt<\/a>\u00a0 \u00a0\u00a0<a href=\"https:\/\/www.sonnenklar.tv\/blog\/reiselexikon\/duty-free-bedeutung\/\">Duty-free<\/a>\u00a0 \u00a0\u00a0<a href=\"https:\/\/www.sonnenklar.tv\/blog\/reiselexikon\/kinderfestpreis-bedeutung\/\">Kinderfestpreis<\/a>\u00a0 \u00a0\u00a0<a href=\"https:\/\/www.sonnenklar.tv\/blog\/reiselexikon\/was-ist-ein-kurort\/\">Kurort<\/a>\u00a0 \u00a0\u00a0<a href=\"https:\/\/www.sonnenklar.tv\/blog\/reiselexikon\/was-bedeutet-spa\/\">Spa<\/a>\u00a0 \u00a0\u00a0<a href=\"https:\/\/www.sonnenklar.tv\/blog\/reiselexikon\/sanarium-bedeutung\/\">Sanarium<\/a>\u00a0 \u00a0\u00a0<a href=\"https:\/\/www.sonnenklar.tv\/blog\/reiselexikon\/was-bedeutet-hamam\/\">Hamam<\/a>\u00a0 \u00a0 <a href=\"https:\/\/www.sonnenklar.tv\/blog\/reiselexikon\/rail-and-fly-bedeutung\/\">Rail and Fly<\/a>\u00a0 \u00a0 <a href=\"https:\/\/www.sonnenklar.tv\/blog\/reiselexikon\/transit-bedeutung\/\">Transit<\/a>\u00a0 \u00a0 <a href=\"https:\/\/www.sonnenklar.tv\/blog\/reiselexikon\/esta-bedeutung\/\">ESTA<\/a>\u00a0 \u00a0 <a href=\"https:\/\/www.sonnenklar.tv\/blog\/reiselexikon\/e-ticket-bedeutung\/\">E-Ticket<\/a>\u00a0 \u00a0 <a href=\"https:\/\/www.sonnenklar.tv\/blog\/reiselexikon\/was-ist-ein-visum\/\">Visum<\/a>\u00a0 \u00a0 <a href=\"https:\/\/www.sonnenklar.tv\/blog\/reiselexikon\/einschiffung-ausschiffung-bedeutung\/\">Einschiffung<\/a>\u00a0 \u00a0 <a href=\"https:\/\/www.sonnenklar.tv\/blog\/reiselexikon\/tendern-bedeutung\/\">Tendern<\/a><\/p>\n","protected":false},"excerpt":{"rendered":"<p>Das von euch ausgesuchte Reiseziel ist weit weg und so m\u00fcsst ihr in einen Flieger steigen, um dort hinzukommen. Nun hat aber nicht jeder einen Flughafen vor der T\u00fcr und bei manchen Zielen m\u00fcsst ihr sogar etwas weiter fahren um am gew\u00fcnschten Termin den passenden Flug zu erreichen. Die hohen Spritpreise und Parkgeb\u00fchren am Flughafen<\/p>\n","protected":false},"author":3,"featured_media":0,"parent":6051,"menu_order":0,"comment_status":"closed","ping_status":"closed","template":"","meta":{"footnotes":""},"class_list":["post-19153","page","type-page","status-publish"],"_links":{"self":[{"href":"https:\/\/www.sonnenklar.tv\/blog\/wp-json\/wp\/v2\/pages\/19153","targetHints":{"allow":["GET"]}}],"collection":[{"href":"https:\/\/www.sonnenklar.tv\/blog\/wp-json\/wp\/v2\/pages"}],"about":[{"href":"https:\/\/www.sonnenklar.tv\/blog\/wp-json\/wp\/v2\/types\/page"}],"author":[{"embeddable":true,"href":"https:\/\/www.sonnenklar.tv\/blog\/wp-json\/wp\/v2\/users\/3"}],"replies":[{"embeddable":true,"href":"https:\/\/www.sonnenklar.tv\/blog\/wp-json\/wp\/v2\/comments?post=19153"}],"version-history":[{"count":9,"href":"https:\/\/www.sonnenklar.tv\/blog\/wp-json\/wp\/v2\/pages\/19153\/revisions"}],"predecessor-version":[{"id":37594,"href":"https:\/\/www.sonnenklar.tv\/blog\/wp-json\/wp\/v2\/pages\/19153\/revisions\/37594"}],"up":[{"embeddable":true,"href":"https:\/\/www.sonnenklar.tv\/blog\/wp-json\/wp\/v2\/pages\/6051"}],"wp:attachment":[{"href":"https:\/\/www.sonnenklar.tv\/blog\/wp-json\/wp\/v2\/media?parent=19153"}],"curies":[{"name":"wp","href":"https:\/\/api.w.org\/{rel}","templated":true}]}}