{"id":19083,"date":"2022-03-03T10:09:59","date_gmt":"2022-03-03T09:09:59","guid":{"rendered":"https:\/\/www.sonnenklar.tv\/blog\/?page_id=19083"},"modified":"2025-12-12T15:59:02","modified_gmt":"2025-12-12T14:59:02","slug":"superiorzimmer-bedeutung","status":"publish","type":"page","link":"https:\/\/www.sonnenklar.tv\/blog\/reiselexikon\/superiorzimmer-bedeutung\/","title":{"rendered":"Was ist ein Superiorzimmer?"},"content":{"rendered":"\n<p><strong>Das passende Hotelzimmer f\u00fcr den Urlaub zu finden, ist nicht immer einfach. Die Hotels bieten oft nicht einfach nur Doppelzimmer an, sondern verwirren mit allerlei Beinamen. Nat\u00fcrlich hat auch jede Kategorie einen anderen Preis. Bei Berg- oder Meerblick ist der Unterschied ja noch nachzuvollziehen, aber was macht ein Superiorzimmer aus? Wir erkl\u00e4ren es euch.<\/strong><\/p>\n\n\n\n<hr class=\"wp-block-separator has-css-opacity\"\/>\n\n\n\n<p><strong>Inhaltsverzeichnis<\/strong><\/p>\n\n\n\n<ul class=\"wp-block-list\">\n<li><a href=\"#superiorzimmer-bedeutung\">Was ist ein Superiorzimmer?<\/a><\/li>\n\n\n\n<li><a href=\"#superiorzimmer-ausstattung\">Wie ist ein Superiorzimmer ausgestattet?<\/a><\/li>\n\n\n\n<li><a href=\"#superiorzimmer-vorteile\">Welche Vorteile hat ein Superiorzimmer?<\/a><\/li>\n\n\n\n<li><a href=\"#superiorzimmer-eignung\">F\u00fcr wen ist ein Superiorzimmer geeignet?<\/a><\/li>\n\n\n\n<li><a href=\"#superiorzimmer-deluxe\">Was ist der Unterschied zwischen Superior und Deluxe?<\/a><\/li>\n<\/ul>\n\n\n\n<hr class=\"wp-block-separator has-css-opacity\"\/>\n\n\n\n<h2 class=\"wp-block-heading\"><a name=\"superiorzimmer-bedeutung\"><\/a>Was ist ein Superiorzimmer?<\/h2>\n\n\n\n<p>Eine offizielle Definition des Begriffes Superior im Zusammenhang mit Hotelzimmern gibt es nicht. Jede Unterkunft hat aber ein Standardzimmer, das mit dem g\u00fcnstigsten Preis beworben wird. Folgt man der \u00dcbersetzung des Wortes Superior, bedeutet das, dass ein Superiorzimmer h\u00f6herwertig ist als die Standardkategorie. In den meisten F\u00e4llen bezieht sich der Begriff auf die Zimmergr\u00f6\u00dfe. Ein Superiorzimmer bietet euch also mehr Platz.<\/p>\n\n\n\n<p>Es kann aber auch sein, dass der Unterschied in der Ausstattung liegt. Hat das Standardzimmer keinen Balkon, kann der Unterschied darin bestehen, dass das Superior einen hat. Bei mehrst\u00f6ckigen H\u00e4usern kann auch die Lage innerhalb des Hotels daf\u00fcr ausschlaggebend sein, dass der Hotelier die Zimmer im ersten Stock als Standard bezeichnet und die Zimmer in den oberen Stockwerken in die Kategorie Superior einordnet. In solchen F\u00e4llen kann es sein, dass sich Standard und Superior nur in der Aussicht, die euch euer Zimmer bietet, unterscheiden.<\/p>\n\n\n\n<h2 class=\"wp-block-heading\"><a name=\"superiorzimmer-ausstattung\"><\/a>Wie ist ein Superiorzimmer ausgestattet?<\/h2>\n\n\n\n<p>Wie bereits erw\u00e4hnt, gibt es bei den Zimmern, anders als bei der Einteilung der Hotel Sternekategorie, keine offiziellen Vorgaben. In den meisten F\u00e4llen bietet ein Superiorzimmer aber mehr Platz. Das bedeutet dann oft auch eine etwas bessere Ausstattung. Das k\u00f6nnen gr\u00f6\u00dfere und komfortablere Betten sein oder aber ein Schreibtisch und eine Sitzecke. Auch die Badezimmer sind oft besser eingerichtet. Bietet das Standardzimmer nur eine Dusche, hat das Superiorzimmer oftmals eine Badewanne. Bei \u00e4lteren Hotels kann es durchaus auch mal sein, dass die neueren, renovierten Zimmer als Doppelzimmer Superior angeboten werden. Es lohnt sich also, die Zimmerbeschreibungen genau zu vergleichen, bevor ihr bucht.<\/p>\n\n\n\n<h2 class=\"wp-block-heading\"><a name=\"superiorzimmer-vorteile\"><\/a>Welche Vorteile hat ein Superiorzimmer?<\/h2>\n\n\n\n<p>In den meisten F\u00e4llen ist tats\u00e4chlich die Zimmergr\u00f6\u00dfe und die damit verbundene bessere Ausstattung der gro\u00dfe Vorteil. Gerade, wenn ihr einen l\u00e4ngeren Aufenthalt in dem Hotel plant, sorgt das f\u00fcr mehr Wohlf\u00fchlambiente. Der Preisunterschied zum Standardzimmer ist oftmals gar nicht so gro\u00df. Ihr wollt euch ja nicht die ganze Zeit gegenseitig auf die F\u00fc\u00dfe treten. Wenn zu der Gr\u00f6\u00dfe auch noch ein sch\u00f6nerer Ausblick und vielleicht sogar ein gem\u00fctlicher Balkon dazukommt, steigert das den Erholungswert noch einmal ungemein. Es spricht also vieles daf\u00fcr, sich diesen \u201eLuxus\u201c zu leisten.<\/p>\n\n\n\n<figure class=\"wp-block-image alignnone wp-image-6256 size-full\"><img decoding=\"async\" src=\"https:\/\/www.sonnenklar.tv\/blog\/wp-content\/uploads\/2022\/03\/Superiorzimmer-Bedeutung.jpg\" alt=\"\" class=\"wp-image-6256\"\/><figcaption class=\"wp-element-caption\">Superiorzimmer sind in der Regel h\u00f6herwertiger als Standardzimmer<\/figcaption><\/figure>\n\n\n\n<h2 class=\"wp-block-heading\"><a name=\"superiorzimmer-eignung\"><\/a>F\u00fcr wen ist ein Superiorzimmer geeignet?<\/h2>\n\n\n\n<p>F\u00fcr alle, die sich etwas g\u00f6nnen wollen. Es gibt einem ja ein gutes Gef\u00fchl, sich ab und zu mit etwas Besonderem zu verw\u00f6hnen. Vor allem, wenn ihr mehr als nur zwei N\u00e4chte im Hotel bleibt, lohnt es sich wirklich, ein Superiorzimmer zu buchen. Egal ob es sich nun um mehr Platz, eine h\u00f6herwertige Ausstattung oder die bessere Aussicht handelt. Geeignet ist diese Kategorie unter Umst\u00e4nden auch f\u00fcr Familien mit kleinen Kindern, weil es in diesen Zimmern oftmals eine Schlafcouch gibt. Dadurch m\u00fcsst ihr nicht zwei Standardzimmer zahlen, sondern zahlt nur f\u00fcr ein Zimmer, zumal die Kinder oftmals sogar kostenlos mit euch im Zimmer \u00fcbernachten k\u00f6nnen. Ein weiterer Grund f\u00fcr die Buchung eines Superiorzimmers k\u00f6nnte sein, dass ihr es dort gem\u00fctlicher habt, wenn sich das Wetter mal nicht f\u00fcr Aktivit\u00e4ten im Freien eignet und ihr etwas mehr Zeit auf dem Zimmer verbringen wollt.<\/p>\n\n\n\n<h2 class=\"wp-block-heading\"><a name=\"superiorzimmer-deluxe\"><\/a>Was ist der Unterschied zwischen Superior und Deluxe?<\/h2>\n\n\n\n<p>Das Deluxezimmer bietet nochmal eine Steigerung zum Superior. In vielen F\u00e4llen ist es nochmal ein bisschen gr\u00f6\u00dfer oder hat eine noch bessere Lage innerhalb des Hauses. Viele Hotels stellen euch in einem Deluxezimmer dann zus\u00e4tzlich noch Badem\u00e4ntel und Slipper zur Verf\u00fcgung und best\u00fccken das Badezimmer mit exklusiven Pflegemitteln. Dadurch will man euch das Gef\u00fchl vermitteln, besondere G\u00e4ste zu sein. Ein Superiorzimmer bietet euch also mehr Komfort als das Standardzimmer und im Deluxezimmer wird zus\u00e4tzlich noch ein bisschen Luxus drauf gepackt.<\/p>\n\n\n\n<div class=\"wp-block-buttons is-horizontal is-content-justification-center is-layout-flex wp-container-core-buttons-is-layout-499968f5 wp-block-buttons-is-layout-flex\">\n<div class=\"wp-block-button\"><a class=\"wp-block-button__link wp-element-button\" href=\"https:\/\/www.sonnenklar.tv\/hotel.html\" target=\"_blank\" rel=\"noreferrer noopener\">zu den Hotelangeboten<\/a><\/div>\n<\/div>\n\n\n\n<h3 class=\"wp-block-heading\">Mehr zum Thema Unterkunft:<\/h3>\n\n\n\n<p><a href=\"https:\/\/www.sonnenklar.tv\/blog\/reiselexikon\/was-bedeuten-hotelsterne\/\">Hotelsterne<\/a>\u00a0 \u00a0 <a href=\"https:\/\/www.sonnenklar.tv\/blog\/reiselexikon\/hotel-abkuerzungen-bedeutung\/\">Hotelabk\u00fcrzungen<\/a>\u00a0\u00a0\u00a0\u00a0<a href=\"https:\/\/www.sonnenklar.tv\/blog\/reiselexikon\/bed-and-breakfast-bedeutung\/\">Bed &amp; Breakfast<\/a>\u00a0 \u00a0 <a href=\"https:\/\/www.sonnenklar.tv\/blog\/reiselexikon\/bungalow-bedeutung\/\">Bungalow<\/a>\u00a0 \u00a0 <a href=\"https:\/\/www.sonnenklar.tv\/blog\/reiselexikon\/finca-bedeutung\/\">Finca<\/a>\u00a0 \u00a0 <a href=\"https:\/\/www.sonnenklar.tv\/blog\/reiselexikon\/chalet-bedeutung\/\">Chalet<\/a>\u00a0 \u00a0\u00a0<a href=\"https:\/\/www.sonnenklar.tv\/blog\/reiselexikon\/riad-bedeutung\/\">Riad<\/a>\u00a0 \u00a0 <a href=\"https:\/\/www.sonnenklar.tv\/blog\/reiselexikon\/hostel-bedeutung\/\">Hostel<\/a>\u00a0 \u00a0 <a href=\"https:\/\/www.sonnenklar.tv\/blog\/reiselexikon\/erwachsenenhotel-bedeutung\/\">Erwachsenenhotel<\/a>\u00a0 \u00a0 <a href=\"https:\/\/www.sonnenklar.tv\/blog\/reiselexikon\/aparthotel-bedeutung\/\">Aparthotel<\/a>\u00a0 \u00a0 <a href=\"https:\/\/www.sonnenklar.tv\/blog\/reiselexikon\/vital-hotel-bedeutung\/\">Vital Hotel<\/a>\u00a0 \u00a0\u00a0<a href=\"https:\/\/www.sonnenklar.tv\/blog\/reiselexikon\/glueckshotel-bedeutung\/\">Gl\u00fcckshotel<\/a>\u00a0 \u00a0 <a href=\"https:\/\/www.sonnenklar.tv\/blog\/reiselexikon\/resort-bedeutung\/\">Resort<\/a>\u00a0 \u00a0 <a href=\"https:\/\/www.sonnenklar.tv\/blog\/reiselexikon\/mobilheim-bedeutung\/\">Mobilheim<\/a>\u00a0 \u00a0 <a href=\"https:\/\/www.sonnenklar.tv\/blog\/reiselexikon\/pension-hotel-bedeutung\/\">Pension<\/a>\u00a0 \u00a0 <a href=\"https:\/\/www.sonnenklar.tv\/blog\/reiselexikon\/hotel-garni-bedeutung\/\">Hotel Garni<\/a>\u00a0 \u00a0\u00a0<a href=\"https:\/\/www.sonnenklar.tv\/blog\/reiselexikon\/doppelzimmer-bedeutung\/\">Doppelzimmer<\/a>\u00a0 \u00a0\u00a0<a href=\"https:\/\/www.sonnenklar.tv\/blog\/reiselexikon\/familienzimmer-bedeutung\/\">Familienzimmer<\/a>\u00a0 \u00a0 <a href=\"https:\/\/www.sonnenklar.tv\/blog\/reiselexikon\/sparzimmer-bedeutung\/\">Sparzimmer<\/a>\u00a0 \u00a0 <a href=\"https:\/\/www.sonnenklar.tv\/blog\/reiselexikon\/boutique-hotel-bedeutung\/\">Boutique Hotel<\/a>\u00a0\u00a0\u00a0 <a href=\"https:\/\/www.sonnenklar.tv\/blog\/reiselexikon\/suite-bedeutung\/\">Suite<\/a>\u00a0 \u00a0 <a href=\"https:\/\/www.sonnenklar.tv\/blog\/reiselexikon\/studio-apartment-bedeutung\/\">Studio Apartment<\/a> \u00a0 \u00a0 <a href=\"https:\/\/www.sonnenklar.tv\/blog\/reiselexikon\/kabine-bedeutung\/\">Kabine<\/a>\u00a0 \u00a0 <a href=\"https:\/\/www.sonnenklar.tv\/blog\/reiselexikon\/biohotel-bedeutung\/\">Biohotel<\/a>\u00a0 \u00a0 <a href=\"https:\/\/www.sonnenklar.tv\/blog\/boardinghouse-bedeutung\/\">Boardinghouse<\/a>\u00a0 \u00a0 <a href=\"https:\/\/www.sonnenklar.tv\/blog\/reiselexikon\/ryokan-bedeutung\/\">Ryokan<\/a><\/p>\n\n\n\n<p><a href=\"https:\/\/www.sonnenklar.tv\/blog\/reiselexikon\/\">&lt;&lt; Zur\u00fcck zum Reiselexikon<\/a><\/p>\n","protected":false},"excerpt":{"rendered":"<p>Das passende Hotelzimmer f\u00fcr den Urlaub zu finden, ist nicht immer einfach. Die Hotels bieten oft nicht einfach nur Doppelzimmer an, sondern verwirren mit allerlei Beinamen. Nat\u00fcrlich hat auch jede Kategorie einen anderen Preis. Bei Berg- oder Meerblick ist der Unterschied ja noch nachzuvollziehen, aber was macht ein Superiorzimmer aus? Wir erkl\u00e4ren es euch. Inhaltsverzeichnis<\/p>\n","protected":false},"author":3,"featured_media":0,"parent":6051,"menu_order":0,"comment_status":"closed","ping_status":"closed","template":"","meta":{"footnotes":""},"class_list":["post-19083","page","type-page","status-publish"],"_links":{"self":[{"href":"https:\/\/www.sonnenklar.tv\/blog\/wp-json\/wp\/v2\/pages\/19083","targetHints":{"allow":["GET"]}}],"collection":[{"href":"https:\/\/www.sonnenklar.tv\/blog\/wp-json\/wp\/v2\/pages"}],"about":[{"href":"https:\/\/www.sonnenklar.tv\/blog\/wp-json\/wp\/v2\/types\/page"}],"author":[{"embeddable":true,"href":"https:\/\/www.sonnenklar.tv\/blog\/wp-json\/wp\/v2\/users\/3"}],"replies":[{"embeddable":true,"href":"https:\/\/www.sonnenklar.tv\/blog\/wp-json\/wp\/v2\/comments?post=19083"}],"version-history":[{"count":7,"href":"https:\/\/www.sonnenklar.tv\/blog\/wp-json\/wp\/v2\/pages\/19083\/revisions"}],"predecessor-version":[{"id":37606,"href":"https:\/\/www.sonnenklar.tv\/blog\/wp-json\/wp\/v2\/pages\/19083\/revisions\/37606"}],"up":[{"embeddable":true,"href":"https:\/\/www.sonnenklar.tv\/blog\/wp-json\/wp\/v2\/pages\/6051"}],"wp:attachment":[{"href":"https:\/\/www.sonnenklar.tv\/blog\/wp-json\/wp\/v2\/media?parent=19083"}],"curies":[{"name":"wp","href":"https:\/\/api.w.org\/{rel}","templated":true}]}}