{"id":18878,"date":"2022-02-25T15:58:42","date_gmt":"2022-02-25T14:58:42","guid":{"rendered":"https:\/\/www.sonnenklar.tv\/blog\/?page_id=18878"},"modified":"2025-12-12T15:45:14","modified_gmt":"2025-12-12T14:45:14","slug":"kabine-bedeutung","status":"publish","type":"page","link":"https:\/\/www.sonnenklar.tv\/blog\/reiselexikon\/kabine-bedeutung\/","title":{"rendered":"Was ist eine Kabine auf einem Kreuzfahrtschiff?"},"content":{"rendered":"\n<p><strong>Eine <a href=\"https:\/\/www.sonnenklar.tv\/kreuzfahrten.html\">Kreuzfahrt<\/a> ist ein einzigartiges Erlebnis. Bevor ihr aber \u00fcber die sieben Weltmeere schippert, gilt es die richtige Kabine zu w\u00e4hlen. Die Vielzahl der angebotenen Kategorien kann sehr verwirrend sein, gerade f\u00fcr diejenigen unter euch, die das erste Mal an Bord gehen. Das Angebot reicht von g\u00fcnstigen Innenkabinen bis hin zu luxuri\u00f6sen Suiten.<\/strong><\/p>\n\n\n\n<hr class=\"wp-block-separator has-css-opacity\"\/>\n\n\n\n<p><strong>Inhaltsverzeichnis<\/strong><\/p>\n\n\n\n<ul class=\"wp-block-list\">\n<li><a href=\"#kabine-ausstattung\">Wie muss ich mir eine Kabine auf einem Schiff vorstellen?<\/a><\/li>\n\n\n\n<li><a href=\"#kabine-arten\">Welche Arten von Kabinen gibt es?<\/a><\/li>\n\n\n\n<li><a href=\"#kabine-buchung\">Was gibt es bei der Buchung einer Kabine zu beachten?<\/a><\/li>\n\n\n\n<li><a href=\"#kabine-varianten\">Roulette-, Gl\u00fccks- oder Garantiekabine<\/a><\/li>\n\n\n\n<li><a href=\"#kabine-beste\">Wo befinden sich die besten Kabinen auf dem Schiff?<\/a><\/li>\n\n\n\n<li><a href=\"#kabine-eignung\">F\u00fcr wen eignet sich nun welche Kabine?<\/a><\/li>\n<\/ul>\n\n\n\n<hr class=\"wp-block-separator has-css-opacity\"\/>\n\n\n\n<h2 class=\"wp-block-heading\"><a name=\"kabine-ausstattung\"><\/a>Wie muss ich mir eine Kabine auf einem Schiff vorstellen?<\/h2>\n\n\n\n<p>Die Kabine auf dem Schiff ist nichts Anderes als euer Hotelzimmer. Entsprechend unterschiedlich sind diese in der Gr\u00f6\u00dfe und der Ausstattung. Die Basis-Einrichtung beinhaltet immer Betten, Schr\u00e4nke und Stauraum, privates Bad, Schreibtisch und Fernseher. Da auf einem Schiff der Platz begrenzt ist, die Reedereien aber verst\u00e4ndlicherweise m\u00f6glichst viele G\u00e4ste unterbringen wollen, sind Kabinen im Vergleich zu Hotelzimmern kleiner. Die Gr\u00f6\u00dfe eurer Kabine h\u00e4ngt auch von eurem Reisebudget ab. Manche Schiffe bieten euch sogar \u201eVillen\u201c an, die dann wie ein schwimmendes Ferienhaus ausgestattet sind.<\/p>\n\n\n\n<h2 class=\"wp-block-heading\"><a name=\"kabine-arten\"><\/a>Welche Arten von Kabinen gibt es?<\/h2>\n\n\n\n<p><strong>Innenkabine: <\/strong>Die g\u00fcnstigste Kabinenkategorie ist eine Innenkabine. Die ist in der Regel recht klein und hat kein Fenster. Das hei\u00dft, dass ihr auch am helllichten Tag nur k\u00fcnstliches Licht auf eurem Zimmer habt.<\/p>\n\n\n\n<p><strong>Au\u00dfenkabine: <\/strong>In einer Au\u00dfenkabine habt ihr ein Fenster, das aber je nach Lage auf dem Schiff auch mal nur ein Bullauge sein kann.<\/p>\n\n\n\n<p><strong>Balkonkabine: <\/strong>F\u00fcr Kreuzfahrten mit vielen Seetagen bietet es sich an, eine Balkonkabine zu buchen. Hier gilt es aber zu bedenken, dass es dort durchaus recht windig sein kann. Auf modernen Kreuzfahrtschiffen f\u00e4llt die Mehrzahl der Kabinen unter die Kategorie Balkonkabine.<\/p>\n\n\n\n<p><strong>Suiten, Penth\u00e4user und Villen: <\/strong>F\u00fcr Kreuzfahrten mit vielen Seetagen bietet es sich an, eine Balkonkabine zu buchen. Hier gilt es aber zu bedenken, dass es dort durchaus recht windig sein kann. Auf modernen Kreuzfahrtschiffen f\u00e4llt die Mehrzahl der Kabinen unter die Kategorie Balkonkabine.<\/p>\n\n\n\n<figure class=\"wp-block-image size-full\"><a href=\"https:\/\/www.sonnenklar.tv\/blog\/wp-content\/uploads\/2025\/03\/Kabine-Bedeutung.jpg\"><img fetchpriority=\"high\" decoding=\"async\" width=\"880\" height=\"450\" src=\"https:\/\/www.sonnenklar.tv\/blog\/wp-content\/uploads\/2025\/03\/Kabine-Bedeutung.jpg\" alt=\"Kabine Bedeutung: Kreuzfahrtkabine von innen\" class=\"wp-image-34852\" srcset=\"https:\/\/www.sonnenklar.tv\/blog\/wp-content\/uploads\/2025\/03\/Kabine-Bedeutung.jpg 880w, https:\/\/www.sonnenklar.tv\/blog\/wp-content\/uploads\/2025\/03\/Kabine-Bedeutung-800x409.jpg 800w, https:\/\/www.sonnenklar.tv\/blog\/wp-content\/uploads\/2025\/03\/Kabine-Bedeutung-18x9.jpg 18w, https:\/\/www.sonnenklar.tv\/blog\/wp-content\/uploads\/2025\/03\/Kabine-Bedeutung-120x61.jpg 120w, https:\/\/www.sonnenklar.tv\/blog\/wp-content\/uploads\/2025\/03\/Kabine-Bedeutung-90x46.jpg 90w, https:\/\/www.sonnenklar.tv\/blog\/wp-content\/uploads\/2025\/03\/Kabine-Bedeutung-320x164.jpg 320w, https:\/\/www.sonnenklar.tv\/blog\/wp-content\/uploads\/2025\/03\/Kabine-Bedeutung-560x286.jpg 560w\" sizes=\"(max-width: 880px) 100vw, 880px\" \/><\/a><figcaption class=\"wp-element-caption\">Was ist eine Kabine<\/figcaption><\/figure>\n\n\n\n<h2 class=\"wp-block-heading\"><a name=\"kabine-buchung\"><\/a>Was gibt es bei der Buchung einer Kabine zu beachten?<\/h2>\n\n\n\n<p>Ihr wollt als Familie auf Kreuzfahrt gehen, aber nicht unbedingt zwei Kabinen buchen? Auf den meisten Schiffen ist das kein Problem, da sie auch Mehrbett-Kabinen anbieten. Allerdings sind oft das dritte und vierte Bett \u00fcber den beiden unteren Betten angebracht und werden bei Bedarf ausgeklappt. Die oberen Betten erreicht ihr dann mittels einer Leiter. Generell solltet ihr beachten, dass es auf vielen Schiffen \u00fcblich ist, dass die Kabine zwei getrennte Betten hat und kein Doppelbett.<\/p>\n\n\n\n<p>Wenn ihr Angst habt seekrank zu werden, empfiehlt es sich, eine Kabine zu w\u00e4hlen, die m\u00f6glichst nah am Schwerpunkt des Schiffes liegt. Der befindet sich bei den Restaurants und Bars in der Schiffsmitte. Das ist dann aber auch der Ort, an dem die anderen Passagiere an eurer Kabine vorbeigehen, um die in die \u00f6ffentlichen Bereiche zu gelangen. Die modernen Mega-Schiffe schaukeln zwar nicht sehr, aber f\u00fcr empfindliche Menschen kann selbst eine geringe Bewegung schon den Gleichgewichtssinn st\u00f6ren. Je weiter eure Kabine von diesem Punkt entfernt liegt, umso \u201eheftiger\u201c schwankt es. Daf\u00fcr habt ihr vor der T\u00fcr mehr Ruhe. Bevor ihr also bucht, lohnt sich ein Blick auf den Deckplan, damit ihr wisst, wo sich eure Kabine genau befindet.<\/p>\n\n\n\n<p><a href=\"https:\/\/www.sonnenklar.tv\/kreuzfahrten.html\">Jetzt die besten Kreuzfahrten finden und unkompliziert buchen.<\/a><\/p>\n\n\n\n<h2 class=\"wp-block-heading\"><a name=\"kabine-varianten\"><\/a>Roulette-, Gl\u00fccks- oder Garantiekabine<\/h2>\n\n\n\n<p>Bei vielen Reedereien werden euch Roulette-, Gl\u00fccks- oder Garantiekabinen angeboten. Das hei\u00dft, ihr bucht zum Beispiel eine Balkonkabine und erhaltet dann die beste verf\u00fcgbare Kabine mit Balkon zum Zeitpunkt der Buchung. Mit etwas Gl\u00fcck wird euch dann die Balkonkabine mit uneingeschr\u00e4nktem Meerblick auf dem obersten Deck zugewiesen. Es kann allerdings auch sein, dass ihr die Balkonkabine auf einem unteren Deck bekommt, die aufgrund irgendwelcher Aufbauten nur einen eingeschr\u00e4nkten Blick bietet.<\/p>\n\n\n\n<h2 class=\"wp-block-heading\"><a name=\"kabine-beste\"><\/a>Wo befinden sich die besten Kabinen auf dem Schiff?<\/h2>\n\n\n\n<p>Die von Gr\u00f6\u00dfe und Ausstattung besten Kabinen, also Suiten, befinden sich in der Regel auf den oberen Decks oder an den Ecken, also forward (ganz vorne) oder (ganz hinten) am Schiff. Das hat bauliche Gr\u00fcnde, weil es vor allem an den Ecken schwierig wird, kleinere Kabinen unterzubringen. Auf den oberen Decks deswegen, weil dort ja der Blick besser und die Lage ruhiger ist.<\/p>\n\n\n\n<h2 class=\"wp-block-heading\"><a name=\"kabine-eignung\"><\/a>F\u00fcr wen eignet sich nun welche Kabine?<\/h2>\n\n\n\n<p>Wenn euer Budget begrenzt ist und die Route euch mehr oder weniger jeden Tag in einen anderen Hafen f\u00fchrt, kann es interessant sein, eine Innenkabine zu buchen. Wenn ihr aber zum Beispiel bei einer Atlantik\u00fcberquerung mehrere Seetage hintereinander habt, kann das f\u00fcr Menschen, die zu Klaustrophobie neigen, eine Herausforderung werden. Eine Au\u00dfenkabine kostet in der Regel nicht viel mehr und ihr habt dann immerhin Tageslicht. F\u00fcr viele Menschen ist es wichtig, nachts Frischluft zu haben. Dann solltet ihr euch eine Balkonkabine g\u00f6nnen. Da l\u00e4sst sich \u00fcber Nacht die T\u00fcr einen Spaltbreit \u00f6ffnen und ihr werdet vom Rauschen des Meeres in den Schlaf gewiegt. Das sorgt f\u00fcr eine erholsame Nachtruhe. Die h\u00f6herwertigen Kategorien empfehlen wir euch, wenn ihr euch etwas ganz Besonderes leisten wollt.<\/p>\n\n\n\n<div class=\"wp-block-buttons is-horizontal is-content-justification-center is-layout-flex wp-container-core-buttons-is-layout-499968f5 wp-block-buttons-is-layout-flex\">\n<div class=\"wp-block-button\"><a class=\"wp-block-button__link wp-element-button\" href=\"https:\/\/www.sonnenklar.tv\/kreuzfahrten.html\" target=\"_blank\" rel=\"noreferrer noopener\">zu den kreuzfahrt-angeboten<\/a><\/div>\n<\/div>\n\n\n\n<h3 class=\"wp-block-heading\">Mehr zum Thema Unterkunft:<\/h3>\n\n\n\n<p><a href=\"https:\/\/www.sonnenklar.tv\/blog\/reiselexikon\/was-bedeuten-hotelsterne\/\">Hotelsterne<\/a>\u00a0 \u00a0 <a href=\"https:\/\/www.sonnenklar.tv\/blog\/reiselexikon\/hotel-abkuerzungen-bedeutung\/\">Hotelabk\u00fcrzungen<\/a>\u00a0\u00a0\u00a0\u00a0<a href=\"https:\/\/www.sonnenklar.tv\/blog\/reiselexikon\/bed-and-breakfast-bedeutung\/\">Bed &amp; Breakfast<\/a>\u00a0 \u00a0 <a href=\"https:\/\/www.sonnenklar.tv\/blog\/reiselexikon\/bungalow-bedeutung\/\">Bungalow<\/a>\u00a0 \u00a0 <a href=\"https:\/\/www.sonnenklar.tv\/blog\/reiselexikon\/finca-bedeutung\/\">Finca<\/a>\u00a0 \u00a0 <a href=\"https:\/\/www.sonnenklar.tv\/blog\/reiselexikon\/chalet-bedeutung\/\">Chalet<\/a>\u00a0 \u00a0\u00a0<a href=\"https:\/\/www.sonnenklar.tv\/blog\/reiselexikon\/riad-bedeutung\/\">Riad<\/a>\u00a0 \u00a0 <a href=\"https:\/\/www.sonnenklar.tv\/blog\/reiselexikon\/hostel-bedeutung\/\">Hostel<\/a>\u00a0 \u00a0 <a href=\"https:\/\/www.sonnenklar.tv\/blog\/reiselexikon\/erwachsenenhotel-bedeutung\/\">Erwachsenenhotel<\/a>\u00a0 \u00a0 <a href=\"https:\/\/www.sonnenklar.tv\/blog\/reiselexikon\/aparthotel-bedeutung\/\">Aparthotel<\/a>\u00a0 \u00a0 <a href=\"https:\/\/www.sonnenklar.tv\/blog\/reiselexikon\/vital-hotel-bedeutung\/\">Vital Hotel<\/a>\u00a0 \u00a0\u00a0<a href=\"https:\/\/www.sonnenklar.tv\/blog\/reiselexikon\/glueckshotel-bedeutung\/\">Gl\u00fcckshotel<\/a>\u00a0 \u00a0 <a href=\"https:\/\/www.sonnenklar.tv\/blog\/reiselexikon\/resort-bedeutung\/\">Resort<\/a>\u00a0 \u00a0 <a href=\"https:\/\/www.sonnenklar.tv\/blog\/reiselexikon\/mobilheim-bedeutung\/\">Mobilheim<\/a>\u00a0 \u00a0 <a href=\"https:\/\/www.sonnenklar.tv\/blog\/reiselexikon\/pension-hotel-bedeutung\/\">Pension<\/a>\u00a0 \u00a0 <a href=\"https:\/\/www.sonnenklar.tv\/blog\/reiselexikon\/hotel-garni-bedeutung\/\">Hotel Garni<\/a>\u00a0 \u00a0\u00a0<a href=\"https:\/\/www.sonnenklar.tv\/blog\/reiselexikon\/doppelzimmer-bedeutung\/\">Doppelzimmer<\/a>\u00a0 \u00a0\u00a0<a href=\"https:\/\/www.sonnenklar.tv\/blog\/reiselexikon\/familienzimmer-bedeutung\/\">Familienzimmer<\/a>\u00a0 \u00a0 <a href=\"https:\/\/www.sonnenklar.tv\/blog\/reiselexikon\/sparzimmer-bedeutung\/\">Sparzimmer<\/a>\u00a0 \u00a0 <a href=\"https:\/\/www.sonnenklar.tv\/blog\/reiselexikon\/boutique-hotel-bedeutung\/\">Boutique Hotel<\/a>\u00a0\u00a0\u00a0 <a href=\"https:\/\/www.sonnenklar.tv\/blog\/reiselexikon\/suite-bedeutung\/\">Suite<\/a>\u00a0 \u00a0 <a href=\"https:\/\/www.sonnenklar.tv\/blog\/reiselexikon\/studio-apartment-bedeutung\/\">Studio Apartment<\/a> \u00a0 \u00a0 <a href=\"https:\/\/www.sonnenklar.tv\/blog\/reiselexikon\/biohotel-bedeutung\/\">Biohotel<\/a>\u00a0 \u00a0 <a href=\"https:\/\/www.sonnenklar.tv\/blog\/reiselexikon\/superiorzimmer-bedeutung\/\">Superiorzimmer<\/a>\u00a0 \u00a0 <a href=\"https:\/\/www.sonnenklar.tv\/blog\/boardinghouse-bedeutung\/\">Boardinghouse<\/a>\u00a0 \u00a0 <a href=\"https:\/\/www.sonnenklar.tv\/blog\/reiselexikon\/ryokan-bedeutung\/\">Ryokan<\/a><\/p>\n\n\n\n<p><a href=\"https:\/\/www.sonnenklar.tv\/blog\/reiselexikon\/\">&lt;&lt; Zur\u00fcck zum Reiselexikon<\/a><\/p>\n","protected":false},"excerpt":{"rendered":"<p>Eine Kreuzfahrt ist ein einzigartiges Erlebnis. Bevor ihr aber \u00fcber die sieben Weltmeere schippert, gilt es die richtige Kabine zu w\u00e4hlen. Die Vielzahl der angebotenen Kategorien kann sehr verwirrend sein, gerade f\u00fcr diejenigen unter euch, die das erste Mal an Bord gehen. Das Angebot reicht von g\u00fcnstigen Innenkabinen bis hin zu luxuri\u00f6sen Suiten. Inhaltsverzeichnis Wie<\/p>\n","protected":false},"author":3,"featured_media":0,"parent":6051,"menu_order":0,"comment_status":"closed","ping_status":"closed","template":"","meta":{"footnotes":""},"class_list":["post-18878","page","type-page","status-publish"],"_links":{"self":[{"href":"https:\/\/www.sonnenklar.tv\/blog\/wp-json\/wp\/v2\/pages\/18878","targetHints":{"allow":["GET"]}}],"collection":[{"href":"https:\/\/www.sonnenklar.tv\/blog\/wp-json\/wp\/v2\/pages"}],"about":[{"href":"https:\/\/www.sonnenklar.tv\/blog\/wp-json\/wp\/v2\/types\/page"}],"author":[{"embeddable":true,"href":"https:\/\/www.sonnenklar.tv\/blog\/wp-json\/wp\/v2\/users\/3"}],"replies":[{"embeddable":true,"href":"https:\/\/www.sonnenklar.tv\/blog\/wp-json\/wp\/v2\/comments?post=18878"}],"version-history":[{"count":9,"href":"https:\/\/www.sonnenklar.tv\/blog\/wp-json\/wp\/v2\/pages\/18878\/revisions"}],"predecessor-version":[{"id":37584,"href":"https:\/\/www.sonnenklar.tv\/blog\/wp-json\/wp\/v2\/pages\/18878\/revisions\/37584"}],"up":[{"embeddable":true,"href":"https:\/\/www.sonnenklar.tv\/blog\/wp-json\/wp\/v2\/pages\/6051"}],"wp:attachment":[{"href":"https:\/\/www.sonnenklar.tv\/blog\/wp-json\/wp\/v2\/media?parent=18878"}],"curies":[{"name":"wp","href":"https:\/\/api.w.org\/{rel}","templated":true}]}}